{"id":558,"date":"2012-11-12T01:40:24","date_gmt":"2012-11-12T08:40:24","guid":{"rendered":"http:\/\/fronda.mx\/blog\/?page_id=558"},"modified":"2016-11-28T17:07:07","modified_gmt":"2016-11-28T23:07:07","slug":"victoria-stanton","status":"publish","type":"page","link":"https:\/\/www.fronda.mx\/simbiosis2012\/artistas\/victoria-stanton\/","title":{"rendered":"Victoria Stanton"},"content":{"rendered":"<div class=\"soliloquy-outer-container\" data-soliloquy-loaded=\"0\"><div aria-live=\"polite\" id=\"soliloquy-container-1398\" class=\"soliloquy-container soliloquy-transition-fade soliloquy-fade soliloquy-controls-active soliloquy-arrows-active  soliloquy-theme-base\" style=\"max-width:600px;max-height:600px;margin:0 auto 0px;\"><ul id=\"soliloquy-1398\" class=\"soliloquy-slider soliloquy-slides soliloquy-wrap soliloquy-clear\"><li aria-hidden=\"true\" class=\"soliloquy-item soliloquy-item-1 soliloquy-id-793 soliloquy-image-slide\" draggable=\"false\" style=\"list-style:none;\"><img decoding=\"async\" id=\"soliloquy-image-793\" class=\"soliloquy-image soliloquy-image-1\" src=\"https:\/\/www.fronda.mx\/simbiosis2012\/wp-content\/uploads\/sites\/4\/2012\/11\/V_Stanton_03-600x377.jpg\" alt=\"V_Stanton_03\" \/><\/li><li aria-hidden=\"true\" class=\"soliloquy-item soliloquy-item-2 soliloquy-id-794 soliloquy-image-slide\" draggable=\"false\" style=\"list-style:none;\"><img decoding=\"async\" id=\"soliloquy-image-794\" class=\"soliloquy-image soliloquy-image-2 soliloquy-preload\" src=\"https:\/\/www.fronda.mx\/simbiosis2012\/wp-content\/plugins\/soliloquy\/assets\/css\/images\/holder.gif\" data-soliloquy-src=\"https:\/\/www.fronda.mx\/simbiosis2012\/wp-content\/uploads\/sites\/4\/2012\/11\/V_Stanton_04-600x390.jpg\" alt=\"V_Stanton_04\" \/><\/li><li aria-hidden=\"true\" class=\"soliloquy-item soliloquy-item-3 soliloquy-id-795 soliloquy-image-slide\" draggable=\"false\" style=\"list-style:none;\"><img decoding=\"async\" id=\"soliloquy-image-795\" class=\"soliloquy-image soliloquy-image-3 soliloquy-preload\" src=\"https:\/\/www.fronda.mx\/simbiosis2012\/wp-content\/plugins\/soliloquy\/assets\/css\/images\/holder.gif\" data-soliloquy-src=\"https:\/\/www.fronda.mx\/simbiosis2012\/wp-content\/uploads\/sites\/4\/2012\/11\/V_Stanton_08-600x447.jpg\" alt=\"V_Stanton_08\" \/><\/li><li aria-hidden=\"true\" class=\"soliloquy-item soliloquy-item-4 soliloquy-id-797 soliloquy-image-slide\" draggable=\"false\" style=\"list-style:none;\"><img decoding=\"async\" id=\"soliloquy-image-797\" class=\"soliloquy-image soliloquy-image-4 soliloquy-preload\" src=\"https:\/\/www.fronda.mx\/simbiosis2012\/wp-content\/plugins\/soliloquy\/assets\/css\/images\/holder.gif\" data-soliloquy-src=\"https:\/\/www.fronda.mx\/simbiosis2012\/wp-content\/uploads\/sites\/4\/2012\/11\/V_Stanton_10-600x451.jpg\" alt=\"V_Stanton_10\" \/><\/li><li aria-hidden=\"true\" class=\"soliloquy-item soliloquy-item-5 soliloquy-id-796 soliloquy-image-slide\" draggable=\"false\" style=\"list-style:none;\"><img decoding=\"async\" id=\"soliloquy-image-796\" class=\"soliloquy-image soliloquy-image-5 soliloquy-preload\" src=\"https:\/\/www.fronda.mx\/simbiosis2012\/wp-content\/plugins\/soliloquy\/assets\/css\/images\/holder.gif\" data-soliloquy-src=\"https:\/\/www.fronda.mx\/simbiosis2012\/wp-content\/uploads\/sites\/4\/2012\/11\/V_Stanton_09-600x400.jpg\" alt=\"V_Stanton_09\" \/><\/li><li aria-hidden=\"true\" class=\"soliloquy-item soliloquy-item-6 soliloquy-id-799 soliloquy-image-slide\" draggable=\"false\" style=\"list-style:none;\"><img decoding=\"async\" id=\"soliloquy-image-799\" class=\"soliloquy-image soliloquy-image-6 soliloquy-preload\" src=\"https:\/\/www.fronda.mx\/simbiosis2012\/wp-content\/plugins\/soliloquy\/assets\/css\/images\/holder.gif\" data-soliloquy-src=\"https:\/\/www.fronda.mx\/simbiosis2012\/wp-content\/uploads\/sites\/4\/2012\/11\/V_Stanton_14-600x450.jpg\" alt=\"V_Stanton_14\" \/><\/li><li aria-hidden=\"true\" class=\"soliloquy-item soliloquy-item-7 soliloquy-id-1399 soliloquy-image-slide\" draggable=\"false\" style=\"list-style:none;\"><img decoding=\"async\" id=\"soliloquy-image-1399\" class=\"soliloquy-image soliloquy-image-7 soliloquy-preload\" src=\"https:\/\/www.fronda.mx\/simbiosis2012\/wp-content\/plugins\/soliloquy\/assets\/css\/images\/holder.gif\" data-soliloquy-src=\"https:\/\/www.fronda.mx\/simbiosis2012\/wp-content\/uploads\/sites\/4\/2016\/11\/vstanton05-600x454.jpg\" alt=\"vstanton05\" \/><\/li><li aria-hidden=\"true\" class=\"soliloquy-item soliloquy-item-8 soliloquy-id-1400 soliloquy-image-slide\" draggable=\"false\" style=\"list-style:none;\"><img decoding=\"async\" id=\"soliloquy-image-1400\" class=\"soliloquy-image soliloquy-image-8 soliloquy-preload\" src=\"https:\/\/www.fronda.mx\/simbiosis2012\/wp-content\/plugins\/soliloquy\/assets\/css\/images\/holder.gif\" data-soliloquy-src=\"https:\/\/www.fronda.mx\/simbiosis2012\/wp-content\/uploads\/sites\/4\/2016\/11\/vstanton08-600x450.jpg\" alt=\"vstanton08\" \/><\/li><li aria-hidden=\"true\" class=\"soliloquy-item soliloquy-item-9 soliloquy-id-800 soliloquy-image-slide\" draggable=\"false\" style=\"list-style:none;\"><img decoding=\"async\" id=\"soliloquy-image-800\" class=\"soliloquy-image soliloquy-image-9 soliloquy-preload\" src=\"https:\/\/www.fronda.mx\/simbiosis2012\/wp-content\/plugins\/soliloquy\/assets\/css\/images\/holder.gif\" data-soliloquy-src=\"https:\/\/www.fronda.mx\/simbiosis2012\/wp-content\/uploads\/sites\/4\/2012\/11\/V_Stanton_15-600x450.jpg\" alt=\"V_Stanton_15\" \/><\/li><\/ul><\/div><noscript><style type=\"text\/css\" scoped>#soliloquy-container-1398{opacity:1}#soliloquy-container-1398 li > .soliloquy-caption{display:none}#soliloquy-container-1398 li:first-child > .soliloquy-caption{display:block}<\/style><div class=\"soliloquy-no-js\" style=\"display:none;visibility:hidden;height:0;line-height:0;opacity:0;\"><img decoding=\"async\" class=\"soliloquy-image soliloquy-no-js-image\" src=\"https:\/\/www.fronda.mx\/simbiosis2012\/wp-content\/uploads\/sites\/4\/2012\/11\/V_Stanton_03-600x377.jpg\" alt=\"V_Stanton_03\" \/><img decoding=\"async\" class=\"soliloquy-image soliloquy-no-js-image\" src=\"https:\/\/www.fronda.mx\/simbiosis2012\/wp-content\/uploads\/sites\/4\/2012\/11\/V_Stanton_04-600x390.jpg\" alt=\"V_Stanton_04\" \/><img decoding=\"async\" class=\"soliloquy-image soliloquy-no-js-image\" src=\"https:\/\/www.fronda.mx\/simbiosis2012\/wp-content\/uploads\/sites\/4\/2012\/11\/V_Stanton_08-600x447.jpg\" alt=\"V_Stanton_08\" \/><img decoding=\"async\" class=\"soliloquy-image soliloquy-no-js-image\" src=\"https:\/\/www.fronda.mx\/simbiosis2012\/wp-content\/uploads\/sites\/4\/2012\/11\/V_Stanton_10-600x451.jpg\" alt=\"V_Stanton_10\" \/><img decoding=\"async\" class=\"soliloquy-image soliloquy-no-js-image\" src=\"https:\/\/www.fronda.mx\/simbiosis2012\/wp-content\/uploads\/sites\/4\/2012\/11\/V_Stanton_09-600x400.jpg\" alt=\"V_Stanton_09\" \/><img decoding=\"async\" class=\"soliloquy-image soliloquy-no-js-image\" src=\"https:\/\/www.fronda.mx\/simbiosis2012\/wp-content\/uploads\/sites\/4\/2012\/11\/V_Stanton_14-600x450.jpg\" alt=\"V_Stanton_14\" \/><img decoding=\"async\" class=\"soliloquy-image soliloquy-no-js-image\" src=\"https:\/\/www.fronda.mx\/simbiosis2012\/wp-content\/uploads\/sites\/4\/2016\/11\/vstanton05-600x454.jpg\" alt=\"vstanton05\" \/><img decoding=\"async\" class=\"soliloquy-image soliloquy-no-js-image\" src=\"https:\/\/www.fronda.mx\/simbiosis2012\/wp-content\/uploads\/sites\/4\/2016\/11\/vstanton08-600x450.jpg\" alt=\"vstanton08\" \/><img decoding=\"async\" class=\"soliloquy-image soliloquy-no-js-image\" src=\"https:\/\/www.fronda.mx\/simbiosis2012\/wp-content\/uploads\/sites\/4\/2012\/11\/V_Stanton_15-600x450.jpg\" alt=\"V_Stanton_15\" \/><\/div><\/noscript><\/div>\n<p>&nbsp;<\/p>\n<p>Victoria Stanton (Montreal, Canad\u00e1) es una artista interdisciplinaria que trabaja con live action (animaci\u00f3n con personas reales), interacci\u00f3n humana, video, pel\u00edcula, foto, dibujo y literatura. Explora continuamente en dichos medios; mientras que el resultado de su pr\u00e1ctica puede manifestarse en una multiplicidad de formas; sin embargo el performance es el foco central unificador y el n\u00facleo invariable de su b\u00fasqueda.<br \/>\nEl trabajo de Stanton basado en el concepto del tiempo, comprende el performance para escena, performance para la c\u00e1mara, presentaciones en espacios p\u00fablicos y encuentros cara a cara en contextos \u00edntimos. Cualquiera que sea el medio en el que se desempe\u00f1e, su trabajo est\u00e1 sustentado en la capacidad (y anhelo) de arropar un espacio, de apropiarse y perturbar el cotidiano, para crear intimidad espont\u00e1nea, para amenazar la vulnerabilidad. Apostando por una presencia performativa y consciente, dentro de los m\u00faltiples espacios\/tiempos, Victoria Stanton desea enfatizar los complejos aspectos de la idea de \u00a8transacci\u00f3n\u00a8 y la posibilidad de transformaci\u00f3n.<\/p>\n<p>Stanton ha presentado exposiciones, performances, intervenciones y videos en Canad\u00e1, en Estados Unidos, Europa, el Reino Unido, Australia y Jap\u00f3n. Sus textos creativos y cr\u00edticos han sido publicados en antolog\u00edas Canadienses y Americanas y en revistas de arte y literatura.<\/p>\n<p>Actualmente Stanton trabaja en su segundo libro, en esta ocasi\u00f3n con The TouVA Collective (integrado por Anne B\u00e9rub\u00e9, Sylvie Tourangeau y Stanton), una obra cr\u00edtica de nociones destacadas sobre la pr\u00e1ctica del performance y abordando temas de lo \u00a8performativo \u00a8.<\/p>\n<p>Victoria Stanton radica en Montreal, Quebec, Canad\u00e1.<\/p>\n","protected":false},"excerpt":{"rendered":"<p>&nbsp; Victoria Stanton (Montreal, Canad\u00e1) es una artista interdisciplinaria que trabaja con live action (animaci\u00f3n con personas reales), interacci\u00f3n humana, video, pel\u00edcula, foto, dibujo y literatura. Explora continuamente en dichos medios; mientras que el resultado de su pr\u00e1ctica puede manifestarse &hellip; <a href=\"https:\/\/www.fronda.mx\/simbiosis2012\/artistas\/victoria-stanton\/\">Sigue leyendo <span class=\"meta-nav\">&rarr;<\/span><\/a><\/p>\n","protected":false},"author":2,"featured_media":0,"parent":438,"menu_order":7,"comment_status":"closed","ping_status":"closed","template":"","meta":{"footnotes":""},"class_list":["post-558","page","type-page","status-publish","hentry"],"jetpack_sharing_enabled":true,"_links":{"self":[{"href":"https:\/\/www.fronda.mx\/simbiosis2012\/wp-json\/wp\/v2\/pages\/558","targetHints":{"allow":["GET"]}}],"collection":[{"href":"https:\/\/www.fronda.mx\/simbiosis2012\/wp-json\/wp\/v2\/pages"}],"about":[{"href":"https:\/\/www.fronda.mx\/simbiosis2012\/wp-json\/wp\/v2\/types\/page"}],"author":[{"embeddable":true,"href":"https:\/\/www.fronda.mx\/simbiosis2012\/wp-json\/wp\/v2\/users\/2"}],"replies":[{"embeddable":true,"href":"https:\/\/www.fronda.mx\/simbiosis2012\/wp-json\/wp\/v2\/comments?post=558"}],"version-history":[{"count":1,"href":"https:\/\/www.fronda.mx\/simbiosis2012\/wp-json\/wp\/v2\/pages\/558\/revisions"}],"predecessor-version":[{"id":1401,"href":"https:\/\/www.fronda.mx\/simbiosis2012\/wp-json\/wp\/v2\/pages\/558\/revisions\/1401"}],"up":[{"embeddable":true,"href":"https:\/\/www.fronda.mx\/simbiosis2012\/wp-json\/wp\/v2\/pages\/438"}],"wp:attachment":[{"href":"https:\/\/www.fronda.mx\/simbiosis2012\/wp-json\/wp\/v2\/media?parent=558"}],"curies":[{"name":"wp","href":"https:\/\/api.w.org\/{rel}","templated":true}]}}