{"id":556,"date":"2012-11-12T01:39:47","date_gmt":"2012-11-12T08:39:47","guid":{"rendered":"http:\/\/fronda.mx\/blog\/?page_id=556"},"modified":"2016-11-28T17:03:22","modified_gmt":"2016-11-28T23:03:22","slug":"yessica-ruiz","status":"publish","type":"page","link":"https:\/\/www.fronda.mx\/simbiosis2012\/artistas\/yessica-ruiz\/","title":{"rendered":"Yessica Ruiz"},"content":{"rendered":"<div class=\"soliloquy-outer-container\" data-soliloquy-loaded=\"0\"><div aria-live=\"polite\" id=\"soliloquy-container-1396\" class=\"soliloquy-container soliloquy-transition-fade soliloquy-fade soliloquy-controls-active soliloquy-arrows-active  soliloquy-theme-base\" style=\"max-width:600px;max-height:600px;margin:0 auto 0px;\"><ul id=\"soliloquy-1396\" class=\"soliloquy-slider soliloquy-slides soliloquy-wrap soliloquy-clear\"><li aria-hidden=\"true\" class=\"soliloquy-item soliloquy-item-1 soliloquy-id-760 soliloquy-image-slide\" draggable=\"false\" style=\"list-style:none;\"><img decoding=\"async\" id=\"soliloquy-image-760\" class=\"soliloquy-image soliloquy-image-1\" src=\"https:\/\/www.fronda.mx\/simbiosis2012\/wp-content\/uploads\/sites\/4\/2012\/11\/Y.-Ruiz-09-600x400.jpg\" alt=\"Y. Ruiz 09\" \/><\/li><li aria-hidden=\"true\" class=\"soliloquy-item soliloquy-item-2 soliloquy-id-761 soliloquy-image-slide\" draggable=\"false\" style=\"list-style:none;\"><img decoding=\"async\" id=\"soliloquy-image-761\" class=\"soliloquy-image soliloquy-image-2 soliloquy-preload\" src=\"https:\/\/www.fronda.mx\/simbiosis2012\/wp-content\/plugins\/soliloquy\/assets\/css\/images\/holder.gif\" data-soliloquy-src=\"https:\/\/www.fronda.mx\/simbiosis2012\/wp-content\/uploads\/sites\/4\/2012\/11\/Y.-Ruiz-10-600x400.jpg\" alt=\"Y. Ruiz 10\" \/><\/li><li aria-hidden=\"true\" class=\"soliloquy-item soliloquy-item-3 soliloquy-id-758 soliloquy-image-slide\" draggable=\"false\" style=\"list-style:none;\"><img decoding=\"async\" id=\"soliloquy-image-758\" class=\"soliloquy-image soliloquy-image-3 soliloquy-preload\" src=\"https:\/\/www.fronda.mx\/simbiosis2012\/wp-content\/plugins\/soliloquy\/assets\/css\/images\/holder.gif\" data-soliloquy-src=\"https:\/\/www.fronda.mx\/simbiosis2012\/wp-content\/uploads\/sites\/4\/2012\/11\/Y.-Ruiz-08-600x400.jpg\" alt=\"Y. Ruiz 08\" \/><\/li><li aria-hidden=\"true\" class=\"soliloquy-item soliloquy-item-4 soliloquy-id-756 soliloquy-image-slide\" draggable=\"false\" style=\"list-style:none;\"><img decoding=\"async\" id=\"soliloquy-image-756\" class=\"soliloquy-image soliloquy-image-4 soliloquy-preload\" src=\"https:\/\/www.fronda.mx\/simbiosis2012\/wp-content\/plugins\/soliloquy\/assets\/css\/images\/holder.gif\" data-soliloquy-src=\"https:\/\/www.fronda.mx\/simbiosis2012\/wp-content\/uploads\/sites\/4\/2012\/11\/Y.-Ruiz-07-400x600.jpg\" alt=\"Y. Ruiz 07\" \/><\/li><li aria-hidden=\"true\" class=\"soliloquy-item soliloquy-item-5 soliloquy-id-755 soliloquy-image-slide\" draggable=\"false\" style=\"list-style:none;\"><img decoding=\"async\" id=\"soliloquy-image-755\" class=\"soliloquy-image soliloquy-image-5 soliloquy-preload\" src=\"https:\/\/www.fronda.mx\/simbiosis2012\/wp-content\/plugins\/soliloquy\/assets\/css\/images\/holder.gif\" data-soliloquy-src=\"https:\/\/www.fronda.mx\/simbiosis2012\/wp-content\/uploads\/sites\/4\/2012\/11\/Y.-Ruiz-05-600x450.jpg\" alt=\"Y. Ruiz 05\" \/><\/li><li aria-hidden=\"true\" class=\"soliloquy-item soliloquy-item-6 soliloquy-id-751 soliloquy-image-slide\" draggable=\"false\" style=\"list-style:none;\"><img decoding=\"async\" id=\"soliloquy-image-751\" class=\"soliloquy-image soliloquy-image-6 soliloquy-preload\" src=\"https:\/\/www.fronda.mx\/simbiosis2012\/wp-content\/plugins\/soliloquy\/assets\/css\/images\/holder.gif\" data-soliloquy-src=\"https:\/\/www.fronda.mx\/simbiosis2012\/wp-content\/uploads\/sites\/4\/2012\/11\/documental-1-600x360.jpg\" alt=\"documental 1\" \/><\/li><li aria-hidden=\"true\" class=\"soliloquy-item soliloquy-item-7 soliloquy-id-752 soliloquy-image-slide\" draggable=\"false\" style=\"list-style:none;\"><img decoding=\"async\" id=\"soliloquy-image-752\" class=\"soliloquy-image soliloquy-image-7 soliloquy-preload\" src=\"https:\/\/www.fronda.mx\/simbiosis2012\/wp-content\/plugins\/soliloquy\/assets\/css\/images\/holder.gif\" data-soliloquy-src=\"https:\/\/www.fronda.mx\/simbiosis2012\/wp-content\/uploads\/sites\/4\/2012\/11\/documental-2-600x338.jpg\" alt=\"documental 2\" \/><\/li><li aria-hidden=\"true\" class=\"soliloquy-item soliloquy-item-8 soliloquy-id-753 soliloquy-image-slide\" draggable=\"false\" style=\"list-style:none;\"><img decoding=\"async\" id=\"soliloquy-image-753\" class=\"soliloquy-image soliloquy-image-8 soliloquy-preload\" src=\"https:\/\/www.fronda.mx\/simbiosis2012\/wp-content\/plugins\/soliloquy\/assets\/css\/images\/holder.gif\" data-soliloquy-src=\"https:\/\/www.fronda.mx\/simbiosis2012\/wp-content\/uploads\/sites\/4\/2012\/11\/documental-3-600x400.jpg\" alt=\"documental 3\" \/><\/li><li aria-hidden=\"true\" class=\"soliloquy-item soliloquy-item-9 soliloquy-id-754 soliloquy-image-slide\" draggable=\"false\" style=\"list-style:none;\"><img decoding=\"async\" id=\"soliloquy-image-754\" class=\"soliloquy-image soliloquy-image-9 soliloquy-preload\" src=\"https:\/\/www.fronda.mx\/simbiosis2012\/wp-content\/plugins\/soliloquy\/assets\/css\/images\/holder.gif\" data-soliloquy-src=\"https:\/\/www.fronda.mx\/simbiosis2012\/wp-content\/uploads\/sites\/4\/2012\/11\/Y.-Ruiz-03-600x400.jpg\" alt=\"Y. Ruiz 03\" \/><\/li><\/ul><\/div><noscript><style type=\"text\/css\" scoped>#soliloquy-container-1396{opacity:1}#soliloquy-container-1396 li > .soliloquy-caption{display:none}#soliloquy-container-1396 li:first-child > .soliloquy-caption{display:block}<\/style><div class=\"soliloquy-no-js\" style=\"display:none;visibility:hidden;height:0;line-height:0;opacity:0;\"><img decoding=\"async\" class=\"soliloquy-image soliloquy-no-js-image\" src=\"https:\/\/www.fronda.mx\/simbiosis2012\/wp-content\/uploads\/sites\/4\/2012\/11\/Y.-Ruiz-09-600x400.jpg\" alt=\"Y. Ruiz 09\" \/><img decoding=\"async\" class=\"soliloquy-image soliloquy-no-js-image\" src=\"https:\/\/www.fronda.mx\/simbiosis2012\/wp-content\/uploads\/sites\/4\/2012\/11\/Y.-Ruiz-10-600x400.jpg\" alt=\"Y. Ruiz 10\" \/><img decoding=\"async\" class=\"soliloquy-image soliloquy-no-js-image\" src=\"https:\/\/www.fronda.mx\/simbiosis2012\/wp-content\/uploads\/sites\/4\/2012\/11\/Y.-Ruiz-08-600x400.jpg\" alt=\"Y. Ruiz 08\" \/><img decoding=\"async\" class=\"soliloquy-image soliloquy-no-js-image\" src=\"https:\/\/www.fronda.mx\/simbiosis2012\/wp-content\/uploads\/sites\/4\/2012\/11\/Y.-Ruiz-07-400x600.jpg\" alt=\"Y. Ruiz 07\" \/><img decoding=\"async\" class=\"soliloquy-image soliloquy-no-js-image\" src=\"https:\/\/www.fronda.mx\/simbiosis2012\/wp-content\/uploads\/sites\/4\/2012\/11\/Y.-Ruiz-05-600x450.jpg\" alt=\"Y. Ruiz 05\" \/><img decoding=\"async\" class=\"soliloquy-image soliloquy-no-js-image\" src=\"https:\/\/www.fronda.mx\/simbiosis2012\/wp-content\/uploads\/sites\/4\/2012\/11\/documental-1-600x360.jpg\" alt=\"documental 1\" \/><img decoding=\"async\" class=\"soliloquy-image soliloquy-no-js-image\" src=\"https:\/\/www.fronda.mx\/simbiosis2012\/wp-content\/uploads\/sites\/4\/2012\/11\/documental-2-600x338.jpg\" alt=\"documental 2\" \/><img decoding=\"async\" class=\"soliloquy-image soliloquy-no-js-image\" src=\"https:\/\/www.fronda.mx\/simbiosis2012\/wp-content\/uploads\/sites\/4\/2012\/11\/documental-3-600x400.jpg\" alt=\"documental 3\" \/><img decoding=\"async\" class=\"soliloquy-image soliloquy-no-js-image\" src=\"https:\/\/www.fronda.mx\/simbiosis2012\/wp-content\/uploads\/sites\/4\/2012\/11\/Y.-Ruiz-03-600x400.jpg\" alt=\"Y. Ruiz 03\" \/><\/div><\/noscript><\/div>\n<p>&nbsp;<\/p>\n<p>Es una artista emergente que se encuentra en la fase inicial de su carrera. Egres\u00f3 de la licenciatura de artes visuales de la Universidad Autonoma del Estado de Hidalgo (UAEH) en 2007.<br \/>\nHa recibido dos veces la beca para j\u00f3venes creadores que emite el Fondo Estatal para la Cultura y las Artes de Hidalgo (FOECAH). En 2011 recibi\u00f3 tal estimulo para la realizaci\u00f3n del Documental Hombres de Leche mismo que fue presentado en el mes de abril de 2012, en el Centro de las Artes de Hidalgo. Anteriormente, en 2007 fue seleccionada por el propio FOECAH para recibir el apoyo a j\u00f3venes creadores para la realizaci\u00f3n del cortometraje \u201cO\u201d \u00bfEn d\u00f3nde estoy cuando soy? presentado en el Centro Cultural del Ferrocarril, durante abril del 2008, en Pachuca, Hidalgo.<\/p>\n<p>Yessica Ru\u00edz ha trabajado impartiendo talleres de pintura, en las brigadas art\u00edsticas de verano del Consejo Estatal para la Cultura y las Artes de Hidalgo (CECULTAH). Asimismo ha fungido como fot\u00f3grafa para revistas y diarios locales. Ha participado de distintos simposiums y encuentros, entre los cuales se encuentra Simbiosis \/Symbiosis 2010-2011, donde Yessica asisti\u00f3 a algunas de las actividades, en las cuales demostr\u00f3 su sensibilidad a favor del trabajo colaborativo.<\/p>\n<p>Est\u00e1 interesada en la el trabajo mutidisciplinario de la imagen: pictorica, fotografica, en movimiento o en la escena. Es capaz de crear y producir un documental o bien participar en un performance.<\/p>\n<p>Es uno de los 2 artistas emergentes selccionados por FRONDA para integrarse al Encuentro Simbiosis \/ Symbiosis 2012.<\/p>\n<p>Yessica Ru\u00edz radica en Pachuca, Hidalgo. M\u00e9xico.<\/p>\n","protected":false},"excerpt":{"rendered":"<p>&nbsp; Es una artista emergente que se encuentra en la fase inicial de su carrera. Egres\u00f3 de la licenciatura de artes visuales de la Universidad Autonoma del Estado de Hidalgo (UAEH) en 2007. Ha recibido dos veces la beca para &hellip; <a href=\"https:\/\/www.fronda.mx\/simbiosis2012\/artistas\/yessica-ruiz\/\">Sigue leyendo <span class=\"meta-nav\">&rarr;<\/span><\/a><\/p>\n","protected":false},"author":2,"featured_media":0,"parent":438,"menu_order":6,"comment_status":"closed","ping_status":"closed","template":"","meta":{"footnotes":""},"class_list":["post-556","page","type-page","status-publish","hentry"],"jetpack_sharing_enabled":true,"_links":{"self":[{"href":"https:\/\/www.fronda.mx\/simbiosis2012\/wp-json\/wp\/v2\/pages\/556","targetHints":{"allow":["GET"]}}],"collection":[{"href":"https:\/\/www.fronda.mx\/simbiosis2012\/wp-json\/wp\/v2\/pages"}],"about":[{"href":"https:\/\/www.fronda.mx\/simbiosis2012\/wp-json\/wp\/v2\/types\/page"}],"author":[{"embeddable":true,"href":"https:\/\/www.fronda.mx\/simbiosis2012\/wp-json\/wp\/v2\/users\/2"}],"replies":[{"embeddable":true,"href":"https:\/\/www.fronda.mx\/simbiosis2012\/wp-json\/wp\/v2\/comments?post=556"}],"version-history":[{"count":1,"href":"https:\/\/www.fronda.mx\/simbiosis2012\/wp-json\/wp\/v2\/pages\/556\/revisions"}],"predecessor-version":[{"id":1397,"href":"https:\/\/www.fronda.mx\/simbiosis2012\/wp-json\/wp\/v2\/pages\/556\/revisions\/1397"}],"up":[{"embeddable":true,"href":"https:\/\/www.fronda.mx\/simbiosis2012\/wp-json\/wp\/v2\/pages\/438"}],"wp:attachment":[{"href":"https:\/\/www.fronda.mx\/simbiosis2012\/wp-json\/wp\/v2\/media?parent=556"}],"curies":[{"name":"wp","href":"https:\/\/api.w.org\/{rel}","templated":true}]}}