{"id":554,"date":"2012-11-12T01:36:52","date_gmt":"2012-11-12T08:36:52","guid":{"rendered":"http:\/\/fronda.mx\/blog\/?page_id=554"},"modified":"2016-11-28T16:58:49","modified_gmt":"2016-11-28T22:58:49","slug":"sharon-kallis","status":"publish","type":"page","link":"https:\/\/www.fronda.mx\/simbiosis2012\/artistas\/sharon-kallis\/","title":{"rendered":"Sharon Kallis"},"content":{"rendered":"<div class=\"soliloquy-outer-container\" data-soliloquy-loaded=\"0\"><div aria-live=\"polite\" id=\"soliloquy-container-1392\" class=\"soliloquy-container soliloquy-transition-fade soliloquy-fade soliloquy-controls-active soliloquy-arrows-active  soliloquy-theme-base\" style=\"max-width:600px;max-height:600px;margin:0 auto 0px;\"><ul id=\"soliloquy-1392\" class=\"soliloquy-slider soliloquy-slides soliloquy-wrap soliloquy-clear\"><li aria-hidden=\"true\" class=\"soliloquy-item soliloquy-item-1 soliloquy-id-728 soliloquy-image-slide\" draggable=\"false\" style=\"list-style:none;\"><img decoding=\"async\" id=\"soliloquy-image-728\" class=\"soliloquy-image soliloquy-image-1\" src=\"https:\/\/www.fronda.mx\/simbiosis2012\/wp-content\/uploads\/sites\/4\/2012\/11\/03-S.Kallis.jpg\" alt=\"03 S.Kallis\" \/><\/li><li aria-hidden=\"true\" class=\"soliloquy-item soliloquy-item-2 soliloquy-id-1393 soliloquy-image-slide\" draggable=\"false\" style=\"list-style:none;\"><img decoding=\"async\" id=\"soliloquy-image-1393\" class=\"soliloquy-image soliloquy-image-2 soliloquy-preload\" src=\"https:\/\/www.fronda.mx\/simbiosis2012\/wp-content\/plugins\/soliloquy\/assets\/css\/images\/holder.gif\" data-soliloquy-src=\"https:\/\/www.fronda.mx\/simbiosis2012\/wp-content\/uploads\/sites\/4\/2016\/11\/skallis02-600x399.jpg\" alt=\"skallis02\" \/><\/li><li aria-hidden=\"true\" class=\"soliloquy-item soliloquy-item-3 soliloquy-id-727 soliloquy-image-slide\" draggable=\"false\" style=\"list-style:none;\"><img decoding=\"async\" id=\"soliloquy-image-727\" class=\"soliloquy-image soliloquy-image-3 soliloquy-preload\" src=\"https:\/\/www.fronda.mx\/simbiosis2012\/wp-content\/plugins\/soliloquy\/assets\/css\/images\/holder.gif\" data-soliloquy-src=\"https:\/\/www.fronda.mx\/simbiosis2012\/wp-content\/uploads\/sites\/4\/2012\/11\/02-S.Kallis-600x390.jpg\" alt=\"02 S.Kallis\" \/><\/li><li aria-hidden=\"true\" class=\"soliloquy-item soliloquy-item-4 soliloquy-id-726 soliloquy-image-slide\" draggable=\"false\" style=\"list-style:none;\"><img decoding=\"async\" id=\"soliloquy-image-726\" class=\"soliloquy-image soliloquy-image-4 soliloquy-preload\" src=\"https:\/\/www.fronda.mx\/simbiosis2012\/wp-content\/plugins\/soliloquy\/assets\/css\/images\/holder.gif\" data-soliloquy-src=\"https:\/\/www.fronda.mx\/simbiosis2012\/wp-content\/uploads\/sites\/4\/2012\/11\/01-S.Kallis-396x600.jpg\" alt=\"01 S.Kallis\" \/><\/li><li aria-hidden=\"true\" class=\"soliloquy-item soliloquy-item-5 soliloquy-id-729 soliloquy-image-slide\" draggable=\"false\" style=\"list-style:none;\"><img decoding=\"async\" id=\"soliloquy-image-729\" class=\"soliloquy-image soliloquy-image-5 soliloquy-preload\" src=\"https:\/\/www.fronda.mx\/simbiosis2012\/wp-content\/plugins\/soliloquy\/assets\/css\/images\/holder.gif\" data-soliloquy-src=\"https:\/\/www.fronda.mx\/simbiosis2012\/wp-content\/uploads\/sites\/4\/2012\/11\/04-S.Kallis-600x399.jpg\" alt=\"04 S.Kallis\" \/><\/li><li aria-hidden=\"true\" class=\"soliloquy-item soliloquy-item-6 soliloquy-id-730 soliloquy-image-slide\" draggable=\"false\" style=\"list-style:none;\"><img decoding=\"async\" id=\"soliloquy-image-730\" class=\"soliloquy-image soliloquy-image-6 soliloquy-preload\" src=\"https:\/\/www.fronda.mx\/simbiosis2012\/wp-content\/plugins\/soliloquy\/assets\/css\/images\/holder.gif\" data-soliloquy-src=\"https:\/\/www.fronda.mx\/simbiosis2012\/wp-content\/uploads\/sites\/4\/2012\/11\/05-S.Kallis-600x400.jpg\" alt=\"05 S.Kallis\" \/><\/li><li aria-hidden=\"true\" class=\"soliloquy-item soliloquy-item-7 soliloquy-id-731 soliloquy-image-slide\" draggable=\"false\" style=\"list-style:none;\"><img decoding=\"async\" id=\"soliloquy-image-731\" class=\"soliloquy-image soliloquy-image-7 soliloquy-preload\" src=\"https:\/\/www.fronda.mx\/simbiosis2012\/wp-content\/plugins\/soliloquy\/assets\/css\/images\/holder.gif\" data-soliloquy-src=\"https:\/\/www.fronda.mx\/simbiosis2012\/wp-content\/uploads\/sites\/4\/2012\/11\/06-S.Kallis-450x600.jpg\" alt=\"06 S.Kallis\" \/><\/li><li aria-hidden=\"true\" class=\"soliloquy-item soliloquy-item-8 soliloquy-id-732 soliloquy-image-slide\" draggable=\"false\" style=\"list-style:none;\"><img decoding=\"async\" id=\"soliloquy-image-732\" class=\"soliloquy-image soliloquy-image-8 soliloquy-preload\" src=\"https:\/\/www.fronda.mx\/simbiosis2012\/wp-content\/plugins\/soliloquy\/assets\/css\/images\/holder.gif\" data-soliloquy-src=\"https:\/\/www.fronda.mx\/simbiosis2012\/wp-content\/uploads\/sites\/4\/2012\/11\/07-S.Kallis-600x450.jpg\" alt=\"07 S.Kallis\" \/><\/li><li aria-hidden=\"true\" class=\"soliloquy-item soliloquy-item-9 soliloquy-id-733 soliloquy-image-slide\" draggable=\"false\" style=\"list-style:none;\"><img decoding=\"async\" id=\"soliloquy-image-733\" class=\"soliloquy-image soliloquy-image-9 soliloquy-preload\" src=\"https:\/\/www.fronda.mx\/simbiosis2012\/wp-content\/plugins\/soliloquy\/assets\/css\/images\/holder.gif\" data-soliloquy-src=\"https:\/\/www.fronda.mx\/simbiosis2012\/wp-content\/uploads\/sites\/4\/2012\/11\/08-S.Kallis-364x600.jpg\" alt=\"08 S.Kallis\" \/><\/li><li aria-hidden=\"true\" class=\"soliloquy-item soliloquy-item-10 soliloquy-id-734 soliloquy-image-slide\" draggable=\"false\" style=\"list-style:none;\"><img decoding=\"async\" id=\"soliloquy-image-734\" class=\"soliloquy-image soliloquy-image-10 soliloquy-preload\" src=\"https:\/\/www.fronda.mx\/simbiosis2012\/wp-content\/plugins\/soliloquy\/assets\/css\/images\/holder.gif\" data-soliloquy-src=\"https:\/\/www.fronda.mx\/simbiosis2012\/wp-content\/uploads\/sites\/4\/2012\/11\/09-S.Kallis.jpg\" alt=\"09 S.Kallis\" \/><\/li><li aria-hidden=\"true\" class=\"soliloquy-item soliloquy-item-11 soliloquy-id-735 soliloquy-image-slide\" draggable=\"false\" style=\"list-style:none;\"><img decoding=\"async\" id=\"soliloquy-image-735\" class=\"soliloquy-image soliloquy-image-11 soliloquy-preload\" src=\"https:\/\/www.fronda.mx\/simbiosis2012\/wp-content\/plugins\/soliloquy\/assets\/css\/images\/holder.gif\" data-soliloquy-src=\"https:\/\/www.fronda.mx\/simbiosis2012\/wp-content\/uploads\/sites\/4\/2012\/11\/10-S.Kallis-450x600.jpg\" alt=\"10 S.Kallis\" \/><\/li><li aria-hidden=\"true\" class=\"soliloquy-item soliloquy-item-12 soliloquy-id-736 soliloquy-image-slide\" draggable=\"false\" style=\"list-style:none;\"><img decoding=\"async\" id=\"soliloquy-image-736\" class=\"soliloquy-image soliloquy-image-12 soliloquy-preload\" src=\"https:\/\/www.fronda.mx\/simbiosis2012\/wp-content\/plugins\/soliloquy\/assets\/css\/images\/holder.gif\" data-soliloquy-src=\"https:\/\/www.fronda.mx\/simbiosis2012\/wp-content\/uploads\/sites\/4\/2012\/11\/11-S.Kallis-450x600.jpg\" alt=\"11 S.Kallis\" \/><\/li><li aria-hidden=\"true\" class=\"soliloquy-item soliloquy-item-13 soliloquy-id-1394 soliloquy-image-slide\" draggable=\"false\" style=\"list-style:none;\"><img decoding=\"async\" id=\"soliloquy-image-1394\" class=\"soliloquy-image soliloquy-image-13 soliloquy-preload\" src=\"https:\/\/www.fronda.mx\/simbiosis2012\/wp-content\/plugins\/soliloquy\/assets\/css\/images\/holder.gif\" data-soliloquy-src=\"https:\/\/www.fronda.mx\/simbiosis2012\/wp-content\/uploads\/sites\/4\/2016\/11\/skallis10-600x450.jpg\" alt=\"skallis10\" \/><\/li><\/ul><\/div><noscript><style type=\"text\/css\" scoped>#soliloquy-container-1392{opacity:1}#soliloquy-container-1392 li > .soliloquy-caption{display:none}#soliloquy-container-1392 li:first-child > .soliloquy-caption{display:block}<\/style><div class=\"soliloquy-no-js\" style=\"display:none;visibility:hidden;height:0;line-height:0;opacity:0;\"><img decoding=\"async\" class=\"soliloquy-image soliloquy-no-js-image\" src=\"https:\/\/www.fronda.mx\/simbiosis2012\/wp-content\/uploads\/sites\/4\/2012\/11\/03-S.Kallis.jpg\" alt=\"03 S.Kallis\" \/><img decoding=\"async\" class=\"soliloquy-image soliloquy-no-js-image\" src=\"https:\/\/www.fronda.mx\/simbiosis2012\/wp-content\/uploads\/sites\/4\/2016\/11\/skallis02-600x399.jpg\" alt=\"skallis02\" \/><img decoding=\"async\" class=\"soliloquy-image soliloquy-no-js-image\" src=\"https:\/\/www.fronda.mx\/simbiosis2012\/wp-content\/uploads\/sites\/4\/2012\/11\/02-S.Kallis-600x390.jpg\" alt=\"02 S.Kallis\" \/><img decoding=\"async\" class=\"soliloquy-image soliloquy-no-js-image\" src=\"https:\/\/www.fronda.mx\/simbiosis2012\/wp-content\/uploads\/sites\/4\/2012\/11\/01-S.Kallis-396x600.jpg\" alt=\"01 S.Kallis\" \/><img decoding=\"async\" class=\"soliloquy-image soliloquy-no-js-image\" src=\"https:\/\/www.fronda.mx\/simbiosis2012\/wp-content\/uploads\/sites\/4\/2012\/11\/04-S.Kallis-600x399.jpg\" alt=\"04 S.Kallis\" \/><img decoding=\"async\" class=\"soliloquy-image soliloquy-no-js-image\" src=\"https:\/\/www.fronda.mx\/simbiosis2012\/wp-content\/uploads\/sites\/4\/2012\/11\/05-S.Kallis-600x400.jpg\" alt=\"05 S.Kallis\" \/><img decoding=\"async\" class=\"soliloquy-image soliloquy-no-js-image\" src=\"https:\/\/www.fronda.mx\/simbiosis2012\/wp-content\/uploads\/sites\/4\/2012\/11\/06-S.Kallis-450x600.jpg\" alt=\"06 S.Kallis\" \/><img decoding=\"async\" class=\"soliloquy-image soliloquy-no-js-image\" src=\"https:\/\/www.fronda.mx\/simbiosis2012\/wp-content\/uploads\/sites\/4\/2012\/11\/07-S.Kallis-600x450.jpg\" alt=\"07 S.Kallis\" \/><img decoding=\"async\" class=\"soliloquy-image soliloquy-no-js-image\" src=\"https:\/\/www.fronda.mx\/simbiosis2012\/wp-content\/uploads\/sites\/4\/2012\/11\/08-S.Kallis-364x600.jpg\" alt=\"08 S.Kallis\" \/><img decoding=\"async\" class=\"soliloquy-image soliloquy-no-js-image\" src=\"https:\/\/www.fronda.mx\/simbiosis2012\/wp-content\/uploads\/sites\/4\/2012\/11\/09-S.Kallis.jpg\" alt=\"09 S.Kallis\" \/><img decoding=\"async\" class=\"soliloquy-image soliloquy-no-js-image\" src=\"https:\/\/www.fronda.mx\/simbiosis2012\/wp-content\/uploads\/sites\/4\/2012\/11\/10-S.Kallis-450x600.jpg\" alt=\"10 S.Kallis\" \/><img decoding=\"async\" class=\"soliloquy-image soliloquy-no-js-image\" src=\"https:\/\/www.fronda.mx\/simbiosis2012\/wp-content\/uploads\/sites\/4\/2012\/11\/11-S.Kallis-450x600.jpg\" alt=\"11 S.Kallis\" \/><img decoding=\"async\" class=\"soliloquy-image soliloquy-no-js-image\" src=\"https:\/\/www.fronda.mx\/simbiosis2012\/wp-content\/uploads\/sites\/4\/2016\/11\/skallis10-600x450.jpg\" alt=\"skallis10\" \/><\/div><\/noscript><\/div>\n<p>&nbsp;<\/p>\n<p>Sharon trabaja para descubrir el potencial de cada material dentro del paisaje local. Involucrando a la comunidad -usando t\u00e9cnicas manuales tradicionales, con especies invasivas y desperdicio org\u00e1nico- ella crea instalaciones en un lugar espec\u00edfico mismas que se convierten en intervenciones ecol\u00f3gicas.<br \/>\nGraduada del Emily Carr University of Art + Design, Vancouver (BC) en 1996. En 1999 empez\u00f3 a trabajar con materiales provenientes de la tierra. Desde entonces ha exhibido y se ha involucrado junto a diversas comunidades con su pr\u00e1ctica, en lugares tales como Irlanda, Espa\u00f1a y Estados Unidos. En Vancouver, su hogar, Sharon ha trabajado con Parks Board, Stanley Park Ecology Society, Artstarts, Evergreen Society Community Arts Council of Vancouver y Environmental Youth Alliance.<\/p>\n<p>Sharon Kallis es miembro y fundadora de MOPARRC, colectivo art\u00edstico que activa los Medios de Producci\u00f3n para jardines en Mount Pleasant, una comunidad jardinera que siembra materiales art\u00edsticos en Vancouver.<\/p>\n<p>En 2011 trabaj\u00f3 con la comunidad utilizando detrito y especies invasivas en el TELUS Science World. Asimismo ha sido beneficiada con las becas del Canada Council y British Columbia Arts Council. En 2010 gan\u00f3 el premio Brandford\/ Elliott por su excelencia en Artes de Fibra y el premio Vancouver Mayor\u2019s Arts para artistas emergentes.<\/p>\n<p>Sharon crea su obra seg\u00fan la estaci\u00f3n, con lo que el paisaje produce y ofrece. Trabaja en su estudio y al exterior, produciendo instalaciones y manteniendo una pr\u00e1ctica comprometida con la comunidad.<\/p>\n<p>El manifiesto personal de Sharon Kallis es dejar una huella tan invisible como sea posible en el ambiente. Trabaja la experiencia del arte con otros, a trav\u00e9s de pr\u00e1cticas colaborativas y en la creaci\u00f3n de piezas en com\u00fan. Abordando a menudo la conexi\u00f3n entre naturaleza y ser humano. Utiliza referencias figurativas, sus obras son t\u00edpicamente obsesivas y ef\u00edmeras, adem\u00e1s de meditativas durante el proceso.<\/p>\n<p>Sharon Kallis ha trabajado activamente en el arte desde 1994, como instructora, programadora de bellas artes y administradora en galer\u00edas (Burnaby Art Gallery 2003-2010), Municipal Art Centres (Shadbolt Centre for the Arts 1994-2005) y centros gestionados por artistas (Dynamo Arts Assoc. 1996-1999). Sharon reside y trabaja en la ciudad de Vancouver, British Columbia, Canad\u00e1.<\/p>\n","protected":false},"excerpt":{"rendered":"<p>&nbsp; Sharon trabaja para descubrir el potencial de cada material dentro del paisaje local. Involucrando a la comunidad -usando t\u00e9cnicas manuales tradicionales, con especies invasivas y desperdicio org\u00e1nico- ella crea instalaciones en un lugar espec\u00edfico mismas que se convierten en &hellip; <a href=\"https:\/\/www.fronda.mx\/simbiosis2012\/artistas\/sharon-kallis\/\">Sigue leyendo <span class=\"meta-nav\">&rarr;<\/span><\/a><\/p>\n","protected":false},"author":2,"featured_media":0,"parent":438,"menu_order":5,"comment_status":"closed","ping_status":"closed","template":"","meta":{"footnotes":""},"class_list":["post-554","page","type-page","status-publish","hentry"],"jetpack_sharing_enabled":true,"_links":{"self":[{"href":"https:\/\/www.fronda.mx\/simbiosis2012\/wp-json\/wp\/v2\/pages\/554","targetHints":{"allow":["GET"]}}],"collection":[{"href":"https:\/\/www.fronda.mx\/simbiosis2012\/wp-json\/wp\/v2\/pages"}],"about":[{"href":"https:\/\/www.fronda.mx\/simbiosis2012\/wp-json\/wp\/v2\/types\/page"}],"author":[{"embeddable":true,"href":"https:\/\/www.fronda.mx\/simbiosis2012\/wp-json\/wp\/v2\/users\/2"}],"replies":[{"embeddable":true,"href":"https:\/\/www.fronda.mx\/simbiosis2012\/wp-json\/wp\/v2\/comments?post=554"}],"version-history":[{"count":1,"href":"https:\/\/www.fronda.mx\/simbiosis2012\/wp-json\/wp\/v2\/pages\/554\/revisions"}],"predecessor-version":[{"id":1395,"href":"https:\/\/www.fronda.mx\/simbiosis2012\/wp-json\/wp\/v2\/pages\/554\/revisions\/1395"}],"up":[{"embeddable":true,"href":"https:\/\/www.fronda.mx\/simbiosis2012\/wp-json\/wp\/v2\/pages\/438"}],"wp:attachment":[{"href":"https:\/\/www.fronda.mx\/simbiosis2012\/wp-json\/wp\/v2\/media?parent=554"}],"curies":[{"name":"wp","href":"https:\/\/api.w.org\/{rel}","templated":true}]}}