{"id":552,"date":"2012-11-12T01:35:38","date_gmt":"2012-11-12T08:35:38","guid":{"rendered":"http:\/\/fronda.mx\/blog\/?page_id=552"},"modified":"2016-11-28T16:52:40","modified_gmt":"2016-11-28T22:52:40","slug":"yolanda-gutierrez","status":"publish","type":"page","link":"https:\/\/www.fronda.mx\/simbiosis2012\/artistas\/yolanda-gutierrez\/","title":{"rendered":"Yolanda Guti\u00e9rrez"},"content":{"rendered":"<div class=\"soliloquy-outer-container\" data-soliloquy-loaded=\"0\"><div aria-live=\"polite\" id=\"soliloquy-container-1386\" class=\"soliloquy-container soliloquy-transition-fade soliloquy-fade soliloquy-controls-active soliloquy-arrows-active  soliloquy-theme-base\" style=\"max-width:600px;max-height:600px;margin:0 auto 0px;\"><ul id=\"soliloquy-1386\" class=\"soliloquy-slider soliloquy-slides soliloquy-wrap soliloquy-clear\"><li aria-hidden=\"true\" class=\"soliloquy-item soliloquy-item-1 soliloquy-id-700 soliloquy-image-slide\" draggable=\"false\" style=\"list-style:none;\"><img decoding=\"async\" id=\"soliloquy-image-700\" class=\"soliloquy-image soliloquy-image-1\" src=\"https:\/\/www.fronda.mx\/simbiosis2012\/wp-content\/uploads\/sites\/4\/2012\/11\/3_esferas-colgadasa_v2.png\" alt=\"3_esferas-colgadasa_v2\" \/><\/li><li aria-hidden=\"true\" class=\"soliloquy-item soliloquy-item-2 soliloquy-id-701 soliloquy-image-slide\" draggable=\"false\" style=\"list-style:none;\"><img decoding=\"async\" id=\"soliloquy-image-701\" class=\"soliloquy-image soliloquy-image-2 soliloquy-preload\" src=\"https:\/\/www.fronda.mx\/simbiosis2012\/wp-content\/plugins\/soliloquy\/assets\/css\/images\/holder.gif\" data-soliloquy-src=\"https:\/\/www.fronda.mx\/simbiosis2012\/wp-content\/uploads\/sites\/4\/2012\/11\/3_esferasa-600x405.png\" alt=\"3_esferasa\" \/><\/li><li aria-hidden=\"true\" class=\"soliloquy-item soliloquy-item-3 soliloquy-id-702 soliloquy-image-slide\" draggable=\"false\" style=\"list-style:none;\"><img decoding=\"async\" id=\"soliloquy-image-702\" class=\"soliloquy-image soliloquy-image-3 soliloquy-preload\" src=\"https:\/\/www.fronda.mx\/simbiosis2012\/wp-content\/plugins\/soliloquy\/assets\/css\/images\/holder.gif\" data-soliloquy-src=\"https:\/\/www.fronda.mx\/simbiosis2012\/wp-content\/uploads\/sites\/4\/2012\/11\/4_a2-copya-600x498.png\" alt=\"4_a2-copya\" \/><\/li><li aria-hidden=\"true\" class=\"soliloquy-item soliloquy-item-4 soliloquy-id-703 soliloquy-image-slide\" draggable=\"false\" style=\"list-style:none;\"><img decoding=\"async\" id=\"soliloquy-image-703\" class=\"soliloquy-image soliloquy-image-4 soliloquy-preload\" src=\"https:\/\/www.fronda.mx\/simbiosis2012\/wp-content\/plugins\/soliloquy\/assets\/css\/images\/holder.gif\" data-soliloquy-src=\"https:\/\/www.fronda.mx\/simbiosis2012\/wp-content\/uploads\/sites\/4\/2012\/11\/5_cestaspatosa-1-600x204.png\" alt=\"5_cestaspatosa-1\" \/><\/li><li aria-hidden=\"true\" class=\"soliloquy-item soliloquy-item-5 soliloquy-id-704 soliloquy-image-slide\" draggable=\"false\" style=\"list-style:none;\"><img decoding=\"async\" id=\"soliloquy-image-704\" class=\"soliloquy-image soliloquy-image-5 soliloquy-preload\" src=\"https:\/\/www.fronda.mx\/simbiosis2012\/wp-content\/plugins\/soliloquy\/assets\/css\/images\/holder.gif\" data-soliloquy-src=\"https:\/\/www.fronda.mx\/simbiosis2012\/wp-content\/uploads\/sites\/4\/2012\/11\/5_gotas-virgenes1a-600x391.png\" alt=\"5_gotas-virgenes1a\" \/><\/li><li aria-hidden=\"true\" class=\"soliloquy-item soliloquy-item-6 soliloquy-id-1389 soliloquy-image-slide\" draggable=\"false\" style=\"list-style:none;\"><img decoding=\"async\" id=\"soliloquy-image-1389\" class=\"soliloquy-image soliloquy-image-6 soliloquy-preload\" src=\"https:\/\/www.fronda.mx\/simbiosis2012\/wp-content\/plugins\/soliloquy\/assets\/css\/images\/holder.gif\" data-soliloquy-src=\"https:\/\/www.fronda.mx\/simbiosis2012\/wp-content\/uploads\/sites\/4\/2016\/11\/ygutierrez07.jpg\" alt=\"ygutierrez07\" \/><\/li><li aria-hidden=\"true\" class=\"soliloquy-item soliloquy-item-7 soliloquy-id-1387 soliloquy-image-slide\" draggable=\"false\" style=\"list-style:none;\"><img decoding=\"async\" id=\"soliloquy-image-1387\" class=\"soliloquy-image soliloquy-image-7 soliloquy-preload\" src=\"https:\/\/www.fronda.mx\/simbiosis2012\/wp-content\/plugins\/soliloquy\/assets\/css\/images\/holder.gif\" data-soliloquy-src=\"https:\/\/www.fronda.mx\/simbiosis2012\/wp-content\/uploads\/sites\/4\/2016\/11\/ygutierrez01-600x385.jpg\" alt=\"ygutierrez01\" \/><\/li><li aria-hidden=\"true\" class=\"soliloquy-item soliloquy-item-8 soliloquy-id-705 soliloquy-image-slide\" draggable=\"false\" style=\"list-style:none;\"><img decoding=\"async\" id=\"soliloquy-image-705\" class=\"soliloquy-image soliloquy-image-8 soliloquy-preload\" src=\"https:\/\/www.fronda.mx\/simbiosis2012\/wp-content\/plugins\/soliloquy\/assets\/css\/images\/holder.gif\" data-soliloquy-src=\"https:\/\/www.fronda.mx\/simbiosis2012\/wp-content\/uploads\/sites\/4\/2012\/11\/5_retono2a-600x394.png\" alt=\"5_retono2a\" \/><\/li><li aria-hidden=\"true\" class=\"soliloquy-item soliloquy-item-9 soliloquy-id-706 soliloquy-image-slide\" draggable=\"false\" style=\"list-style:none;\"><img decoding=\"async\" id=\"soliloquy-image-706\" class=\"soliloquy-image soliloquy-image-9 soliloquy-preload\" src=\"https:\/\/www.fronda.mx\/simbiosis2012\/wp-content\/plugins\/soliloquy\/assets\/css\/images\/holder.gif\" data-soliloquy-src=\"https:\/\/www.fronda.mx\/simbiosis2012\/wp-content\/uploads\/sites\/4\/2012\/11\/5_santuarioa-1.png\" alt=\"5_santuarioa-1\" \/><\/li><li aria-hidden=\"true\" class=\"soliloquy-item soliloquy-item-10 soliloquy-id-707 soliloquy-image-slide\" draggable=\"false\" style=\"list-style:none;\"><img decoding=\"async\" id=\"soliloquy-image-707\" class=\"soliloquy-image soliloquy-image-10 soliloquy-preload\" src=\"https:\/\/www.fronda.mx\/simbiosis2012\/wp-content\/plugins\/soliloquy\/assets\/css\/images\/holder.gif\" data-soliloquy-src=\"https:\/\/www.fronda.mx\/simbiosis2012\/wp-content\/uploads\/sites\/4\/2012\/11\/5_susurraa-600x398.png\" alt=\"5_susurraa\" \/><\/li><li aria-hidden=\"true\" class=\"soliloquy-item soliloquy-item-11 soliloquy-id-1390 soliloquy-image-slide\" draggable=\"false\" style=\"list-style:none;\"><img decoding=\"async\" id=\"soliloquy-image-1390\" class=\"soliloquy-image soliloquy-image-11 soliloquy-preload\" src=\"https:\/\/www.fronda.mx\/simbiosis2012\/wp-content\/plugins\/soliloquy\/assets\/css\/images\/holder.gif\" data-soliloquy-src=\"https:\/\/www.fronda.mx\/simbiosis2012\/wp-content\/uploads\/sites\/4\/2016\/11\/ygutierrez08-600x390.jpg\" alt=\"ygutierrez08\" \/><\/li><li aria-hidden=\"true\" class=\"soliloquy-item soliloquy-item-12 soliloquy-id-708 soliloquy-image-slide\" draggable=\"false\" style=\"list-style:none;\"><img decoding=\"async\" id=\"soliloquy-image-708\" class=\"soliloquy-image soliloquy-image-12 soliloquy-preload\" src=\"https:\/\/www.fronda.mx\/simbiosis2012\/wp-content\/plugins\/soliloquy\/assets\/css\/images\/holder.gif\" data-soliloquy-src=\"https:\/\/www.fronda.mx\/simbiosis2012\/wp-content\/uploads\/sites\/4\/2012\/11\/6_captura-de-pantalla-2011-09-02-a-las-110356.png\" alt=\"6_captura-de-pantalla-2011-09-02-a-las-110356\" \/><\/li><li aria-hidden=\"true\" class=\"soliloquy-item soliloquy-item-13 soliloquy-id-709 soliloquy-image-slide\" draggable=\"false\" style=\"list-style:none;\"><img decoding=\"async\" id=\"soliloquy-image-709\" class=\"soliloquy-image soliloquy-image-13 soliloquy-preload\" src=\"https:\/\/www.fronda.mx\/simbiosis2012\/wp-content\/plugins\/soliloquy\/assets\/css\/images\/holder.gif\" data-soliloquy-src=\"https:\/\/www.fronda.mx\/simbiosis2012\/wp-content\/uploads\/sites\/4\/2012\/11\/6_captura-de-pantalla-2011-09-02-a-las-110452.png\" alt=\"6_captura-de-pantalla-2011-09-02-a-las-110452\" \/><\/li><li aria-hidden=\"true\" class=\"soliloquy-item soliloquy-item-14 soliloquy-id-1388 soliloquy-image-slide\" draggable=\"false\" style=\"list-style:none;\"><img decoding=\"async\" id=\"soliloquy-image-1388\" class=\"soliloquy-image soliloquy-image-14 soliloquy-preload\" src=\"https:\/\/www.fronda.mx\/simbiosis2012\/wp-content\/plugins\/soliloquy\/assets\/css\/images\/holder.gif\" data-soliloquy-src=\"https:\/\/www.fronda.mx\/simbiosis2012\/wp-content\/uploads\/sites\/4\/2016\/11\/ygutierrez04-600x398.jpg\" alt=\"ygutierrez04\" \/><\/li><\/ul><\/div><noscript><style type=\"text\/css\" scoped>#soliloquy-container-1386{opacity:1}#soliloquy-container-1386 li > .soliloquy-caption{display:none}#soliloquy-container-1386 li:first-child > .soliloquy-caption{display:block}<\/style><div class=\"soliloquy-no-js\" style=\"display:none;visibility:hidden;height:0;line-height:0;opacity:0;\"><img decoding=\"async\" class=\"soliloquy-image soliloquy-no-js-image\" src=\"https:\/\/www.fronda.mx\/simbiosis2012\/wp-content\/uploads\/sites\/4\/2012\/11\/3_esferas-colgadasa_v2.png\" alt=\"3_esferas-colgadasa_v2\" \/><img decoding=\"async\" class=\"soliloquy-image soliloquy-no-js-image\" src=\"https:\/\/www.fronda.mx\/simbiosis2012\/wp-content\/uploads\/sites\/4\/2012\/11\/3_esferasa-600x405.png\" alt=\"3_esferasa\" \/><img decoding=\"async\" class=\"soliloquy-image soliloquy-no-js-image\" src=\"https:\/\/www.fronda.mx\/simbiosis2012\/wp-content\/uploads\/sites\/4\/2012\/11\/4_a2-copya-600x498.png\" alt=\"4_a2-copya\" \/><img decoding=\"async\" class=\"soliloquy-image soliloquy-no-js-image\" src=\"https:\/\/www.fronda.mx\/simbiosis2012\/wp-content\/uploads\/sites\/4\/2012\/11\/5_cestaspatosa-1-600x204.png\" alt=\"5_cestaspatosa-1\" \/><img decoding=\"async\" class=\"soliloquy-image soliloquy-no-js-image\" src=\"https:\/\/www.fronda.mx\/simbiosis2012\/wp-content\/uploads\/sites\/4\/2012\/11\/5_gotas-virgenes1a-600x391.png\" alt=\"5_gotas-virgenes1a\" \/><img decoding=\"async\" class=\"soliloquy-image soliloquy-no-js-image\" src=\"https:\/\/www.fronda.mx\/simbiosis2012\/wp-content\/uploads\/sites\/4\/2016\/11\/ygutierrez07.jpg\" alt=\"ygutierrez07\" \/><img decoding=\"async\" class=\"soliloquy-image soliloquy-no-js-image\" src=\"https:\/\/www.fronda.mx\/simbiosis2012\/wp-content\/uploads\/sites\/4\/2016\/11\/ygutierrez01-600x385.jpg\" alt=\"ygutierrez01\" \/><img decoding=\"async\" class=\"soliloquy-image soliloquy-no-js-image\" src=\"https:\/\/www.fronda.mx\/simbiosis2012\/wp-content\/uploads\/sites\/4\/2012\/11\/5_retono2a-600x394.png\" alt=\"5_retono2a\" \/><img decoding=\"async\" class=\"soliloquy-image soliloquy-no-js-image\" src=\"https:\/\/www.fronda.mx\/simbiosis2012\/wp-content\/uploads\/sites\/4\/2012\/11\/5_santuarioa-1.png\" alt=\"5_santuarioa-1\" \/><img decoding=\"async\" class=\"soliloquy-image soliloquy-no-js-image\" src=\"https:\/\/www.fronda.mx\/simbiosis2012\/wp-content\/uploads\/sites\/4\/2012\/11\/5_susurraa-600x398.png\" alt=\"5_susurraa\" \/><img decoding=\"async\" class=\"soliloquy-image soliloquy-no-js-image\" src=\"https:\/\/www.fronda.mx\/simbiosis2012\/wp-content\/uploads\/sites\/4\/2016\/11\/ygutierrez08-600x390.jpg\" alt=\"ygutierrez08\" \/><img decoding=\"async\" class=\"soliloquy-image soliloquy-no-js-image\" src=\"https:\/\/www.fronda.mx\/simbiosis2012\/wp-content\/uploads\/sites\/4\/2012\/11\/6_captura-de-pantalla-2011-09-02-a-las-110356.png\" alt=\"6_captura-de-pantalla-2011-09-02-a-las-110356\" \/><img decoding=\"async\" class=\"soliloquy-image soliloquy-no-js-image\" src=\"https:\/\/www.fronda.mx\/simbiosis2012\/wp-content\/uploads\/sites\/4\/2012\/11\/6_captura-de-pantalla-2011-09-02-a-las-110452.png\" alt=\"6_captura-de-pantalla-2011-09-02-a-las-110452\" \/><img decoding=\"async\" class=\"soliloquy-image soliloquy-no-js-image\" src=\"https:\/\/www.fronda.mx\/simbiosis2012\/wp-content\/uploads\/sites\/4\/2016\/11\/ygutierrez04-600x398.jpg\" alt=\"ygutierrez04\" \/><\/div><\/noscript><\/div>\n<p>&nbsp;<\/p>\n<p>Yolanda es egresada de la Licenciatura en Artes Visuales, Escuela Nacional de Artes Pl\u00e1sticas, UNAM.<\/p>\n<p>Ha participado en exposiciones universales como la de 1998 en Lisboa y Hannover 2000. Asimismo en bienales internacionales como la 5ta. Bienal de La Habana en 1994 y la 3\u00aa. Bienal In Site Santa Fe Looking for a place, New M\u00e9xico, USA.<br \/>\nHa sido beneficiada por el FONCA con la Beca J\u00f3venes creadores en 1993 y con el programa de Fomento a Proyectos y Coinversiones en 1995. Igualmente recibi\u00f3 del FONCA la beca de Residencias art\u00edsticas en 1998, en The Banff Centre, en Alberta, Canad\u00e1.<\/p>\n<p>Su obra forma parte de colecciones tales como la del Museo de Arte Contempor\u00e1neo de la biblioteca Lu\u00eds \u00c1ngel Arango, Bogot\u00e1 Colombia; Clemson University, South Carolina, USA; El Museo Universitario de Arte Contempor\u00e1neo de la UNAM (MUAC), Mus\u00e9e de Picardie, Amiens, Francia; as\u00ed como en distintas colecciones privadas.<\/p>\n<p>Ha participado en diversas exposiciones colectivas e individuales en pa\u00edses como<\/p>\n<p>Alemania, Estados unidos, Portugal, Francia, Espa\u00f1a, Chile, Colombia, Canad\u00e1.<\/p>\n<p>Yolanda Guti\u00e9rrez tiene una amplia experiencia transdisciplinar debido a que ha cruzado su practica art\u00edstica con otras \u00e1reas, como la m\u00fasica, la medicina y la ecolog\u00eda. Actualmente estudia canto e imparte la Terapia Mey. Ha estudiado herbolaria maya bajo la tutela del m\u00e9dico tradicional Mario Euan con quien colabor\u00f3 en la realizaci\u00f3n de un jard\u00edn bot\u00e1nico en Xul, Yucatan. Tambi\u00e9n realiz\u00f3 estudios de agricultura ecol\u00f3gica en la escuela para campesinos Uyi\u00edts Ka\u00e1n en Mani, Yucatan.<\/p>\n<p>Yolanda vive y trabaja en Atlixco, Puebla; M\u00e9xico.<\/p>\n","protected":false},"excerpt":{"rendered":"<p>&nbsp; Yolanda es egresada de la Licenciatura en Artes Visuales, Escuela Nacional de Artes Pl\u00e1sticas, UNAM. Ha participado en exposiciones universales como la de 1998 en Lisboa y Hannover 2000. Asimismo en bienales internacionales como la 5ta. Bienal de La &hellip; <a href=\"https:\/\/www.fronda.mx\/simbiosis2012\/artistas\/yolanda-gutierrez\/\">Sigue leyendo <span class=\"meta-nav\">&rarr;<\/span><\/a><\/p>\n","protected":false},"author":2,"featured_media":0,"parent":438,"menu_order":4,"comment_status":"closed","ping_status":"closed","template":"","meta":{"footnotes":""},"class_list":["post-552","page","type-page","status-publish","hentry"],"jetpack_sharing_enabled":true,"_links":{"self":[{"href":"https:\/\/www.fronda.mx\/simbiosis2012\/wp-json\/wp\/v2\/pages\/552","targetHints":{"allow":["GET"]}}],"collection":[{"href":"https:\/\/www.fronda.mx\/simbiosis2012\/wp-json\/wp\/v2\/pages"}],"about":[{"href":"https:\/\/www.fronda.mx\/simbiosis2012\/wp-json\/wp\/v2\/types\/page"}],"author":[{"embeddable":true,"href":"https:\/\/www.fronda.mx\/simbiosis2012\/wp-json\/wp\/v2\/users\/2"}],"replies":[{"embeddable":true,"href":"https:\/\/www.fronda.mx\/simbiosis2012\/wp-json\/wp\/v2\/comments?post=552"}],"version-history":[{"count":1,"href":"https:\/\/www.fronda.mx\/simbiosis2012\/wp-json\/wp\/v2\/pages\/552\/revisions"}],"predecessor-version":[{"id":1391,"href":"https:\/\/www.fronda.mx\/simbiosis2012\/wp-json\/wp\/v2\/pages\/552\/revisions\/1391"}],"up":[{"embeddable":true,"href":"https:\/\/www.fronda.mx\/simbiosis2012\/wp-json\/wp\/v2\/pages\/438"}],"wp:attachment":[{"href":"https:\/\/www.fronda.mx\/simbiosis2012\/wp-json\/wp\/v2\/media?parent=552"}],"curies":[{"name":"wp","href":"https:\/\/api.w.org\/{rel}","templated":true}]}}