{"id":547,"date":"2012-11-12T01:33:13","date_gmt":"2012-11-12T08:33:13","guid":{"rendered":"http:\/\/fronda.mx\/blog\/?page_id=547"},"modified":"2016-11-28T16:41:41","modified_gmt":"2016-11-28T22:41:41","slug":"taiga-chiba","status":"publish","type":"page","link":"https:\/\/www.fronda.mx\/simbiosis2012\/artistas\/taiga-chiba\/","title":{"rendered":"Taiga Chiba"},"content":{"rendered":"<div class=\"soliloquy-outer-container\" data-soliloquy-loaded=\"0\"><div aria-live=\"polite\" id=\"soliloquy-container-1379\" class=\"soliloquy-container soliloquy-transition-fade soliloquy-fade soliloquy-controls-active soliloquy-arrows-active  soliloquy-theme-base\" style=\"max-width:600px;max-height:600px;margin:0 auto 0px;\"><ul id=\"soliloquy-1379\" class=\"soliloquy-slider soliloquy-slides soliloquy-wrap soliloquy-clear\"><li aria-hidden=\"true\" class=\"soliloquy-item soliloquy-item-1 soliloquy-id-644 soliloquy-image-slide\" draggable=\"false\" style=\"list-style:none;\"><img decoding=\"async\" id=\"soliloquy-image-644\" class=\"soliloquy-image soliloquy-image-1\" src=\"https:\/\/www.fronda.mx\/simbiosis2012\/wp-content\/uploads\/sites\/4\/2012\/11\/T_CHIBA_08-600x405.jpg\" alt=\"T_CHIBA_08\" \/><\/li><li aria-hidden=\"true\" class=\"soliloquy-item soliloquy-item-2 soliloquy-id-641 soliloquy-image-slide\" draggable=\"false\" style=\"list-style:none;\"><img decoding=\"async\" id=\"soliloquy-image-641\" class=\"soliloquy-image soliloquy-image-2 soliloquy-preload\" src=\"https:\/\/www.fronda.mx\/simbiosis2012\/wp-content\/plugins\/soliloquy\/assets\/css\/images\/holder.gif\" data-soliloquy-src=\"https:\/\/www.fronda.mx\/simbiosis2012\/wp-content\/uploads\/sites\/4\/2012\/11\/T_CHIBA_09-600x378.jpg\" alt=\"T_CHIBA_09\" \/><\/li><li aria-hidden=\"true\" class=\"soliloquy-item soliloquy-item-3 soliloquy-id-640 soliloquy-image-slide\" draggable=\"false\" style=\"list-style:none;\"><img decoding=\"async\" id=\"soliloquy-image-640\" class=\"soliloquy-image soliloquy-image-3 soliloquy-preload\" src=\"https:\/\/www.fronda.mx\/simbiosis2012\/wp-content\/plugins\/soliloquy\/assets\/css\/images\/holder.gif\" data-soliloquy-src=\"https:\/\/www.fronda.mx\/simbiosis2012\/wp-content\/uploads\/sites\/4\/2012\/11\/T_CHIBA_05--600x366.jpg\" alt=\"T_CHIBA_05\" \/><\/li><li aria-hidden=\"true\" class=\"soliloquy-item soliloquy-item-4 soliloquy-id-639 soliloquy-image-slide\" draggable=\"false\" style=\"list-style:none;\"><img decoding=\"async\" id=\"soliloquy-image-639\" class=\"soliloquy-image soliloquy-image-4 soliloquy-preload\" src=\"https:\/\/www.fronda.mx\/simbiosis2012\/wp-content\/plugins\/soliloquy\/assets\/css\/images\/holder.gif\" data-soliloquy-src=\"https:\/\/www.fronda.mx\/simbiosis2012\/wp-content\/uploads\/sites\/4\/2012\/11\/T_CHIBA_11-600x412.jpg\" alt=\"T_CHIBA_11\" \/><\/li><li aria-hidden=\"true\" class=\"soliloquy-item soliloquy-item-5 soliloquy-id-638 soliloquy-image-slide\" draggable=\"false\" style=\"list-style:none;\"><img decoding=\"async\" id=\"soliloquy-image-638\" class=\"soliloquy-image soliloquy-image-5 soliloquy-preload\" src=\"https:\/\/www.fronda.mx\/simbiosis2012\/wp-content\/plugins\/soliloquy\/assets\/css\/images\/holder.gif\" data-soliloquy-src=\"https:\/\/www.fronda.mx\/simbiosis2012\/wp-content\/uploads\/sites\/4\/2012\/11\/T_CHIBA_12-600x402.jpg\" alt=\"T_CHIBA_12\" \/><\/li><li aria-hidden=\"true\" class=\"soliloquy-item soliloquy-item-6 soliloquy-id-637 soliloquy-image-slide\" draggable=\"false\" style=\"list-style:none;\"><img decoding=\"async\" id=\"soliloquy-image-637\" class=\"soliloquy-image soliloquy-image-6 soliloquy-preload\" src=\"https:\/\/www.fronda.mx\/simbiosis2012\/wp-content\/plugins\/soliloquy\/assets\/css\/images\/holder.gif\" data-soliloquy-src=\"https:\/\/www.fronda.mx\/simbiosis2012\/wp-content\/uploads\/sites\/4\/2012\/11\/T_CHIBA_07-600x413.jpg\" alt=\"T_CHIBA_07\" \/><\/li><li aria-hidden=\"true\" class=\"soliloquy-item soliloquy-item-7 soliloquy-id-633 soliloquy-image-slide\" draggable=\"false\" style=\"list-style:none;\"><img decoding=\"async\" id=\"soliloquy-image-633\" class=\"soliloquy-image soliloquy-image-7 soliloquy-preload\" src=\"https:\/\/www.fronda.mx\/simbiosis2012\/wp-content\/plugins\/soliloquy\/assets\/css\/images\/holder.gif\" data-soliloquy-src=\"https:\/\/www.fronda.mx\/simbiosis2012\/wp-content\/uploads\/sites\/4\/2012\/11\/T_CHIBA_04--600x368.jpg\" alt=\"T_CHIBA_04\" \/><\/li><li aria-hidden=\"true\" class=\"soliloquy-item soliloquy-item-8 soliloquy-id-632 soliloquy-image-slide\" draggable=\"false\" style=\"list-style:none;\"><img decoding=\"async\" id=\"soliloquy-image-632\" class=\"soliloquy-image soliloquy-image-8 soliloquy-preload\" src=\"https:\/\/www.fronda.mx\/simbiosis2012\/wp-content\/plugins\/soliloquy\/assets\/css\/images\/holder.gif\" data-soliloquy-src=\"https:\/\/www.fronda.mx\/simbiosis2012\/wp-content\/uploads\/sites\/4\/2012\/11\/T_CHIBA_03--600x600.jpg\" alt=\"T_CHIBA_03\" \/><\/li><\/ul><\/div><noscript><style type=\"text\/css\" scoped>#soliloquy-container-1379{opacity:1}#soliloquy-container-1379 li > .soliloquy-caption{display:none}#soliloquy-container-1379 li:first-child > .soliloquy-caption{display:block}<\/style><div class=\"soliloquy-no-js\" style=\"display:none;visibility:hidden;height:0;line-height:0;opacity:0;\"><img decoding=\"async\" class=\"soliloquy-image soliloquy-no-js-image\" src=\"https:\/\/www.fronda.mx\/simbiosis2012\/wp-content\/uploads\/sites\/4\/2012\/11\/T_CHIBA_08-600x405.jpg\" alt=\"T_CHIBA_08\" \/><img decoding=\"async\" class=\"soliloquy-image soliloquy-no-js-image\" src=\"https:\/\/www.fronda.mx\/simbiosis2012\/wp-content\/uploads\/sites\/4\/2012\/11\/T_CHIBA_09-600x378.jpg\" alt=\"T_CHIBA_09\" \/><img decoding=\"async\" class=\"soliloquy-image soliloquy-no-js-image\" src=\"https:\/\/www.fronda.mx\/simbiosis2012\/wp-content\/uploads\/sites\/4\/2012\/11\/T_CHIBA_05--600x366.jpg\" alt=\"T_CHIBA_05\" \/><img decoding=\"async\" class=\"soliloquy-image soliloquy-no-js-image\" src=\"https:\/\/www.fronda.mx\/simbiosis2012\/wp-content\/uploads\/sites\/4\/2012\/11\/T_CHIBA_11-600x412.jpg\" alt=\"T_CHIBA_11\" \/><img decoding=\"async\" class=\"soliloquy-image soliloquy-no-js-image\" src=\"https:\/\/www.fronda.mx\/simbiosis2012\/wp-content\/uploads\/sites\/4\/2012\/11\/T_CHIBA_12-600x402.jpg\" alt=\"T_CHIBA_12\" \/><img decoding=\"async\" class=\"soliloquy-image soliloquy-no-js-image\" src=\"https:\/\/www.fronda.mx\/simbiosis2012\/wp-content\/uploads\/sites\/4\/2012\/11\/T_CHIBA_07-600x413.jpg\" alt=\"T_CHIBA_07\" \/><img decoding=\"async\" class=\"soliloquy-image soliloquy-no-js-image\" src=\"https:\/\/www.fronda.mx\/simbiosis2012\/wp-content\/uploads\/sites\/4\/2012\/11\/T_CHIBA_04--600x368.jpg\" alt=\"T_CHIBA_04\" \/><img decoding=\"async\" class=\"soliloquy-image soliloquy-no-js-image\" src=\"https:\/\/www.fronda.mx\/simbiosis2012\/wp-content\/uploads\/sites\/4\/2012\/11\/T_CHIBA_03--600x600.jpg\" alt=\"T_CHIBA_03\" \/><\/div><\/noscript><\/div>\n<p>&nbsp;<\/p>\n<p>Taiga Chiba naci\u00f3 en Shizuoka, Jap\u00f3n, se gradu\u00f3 de la Universidad Musashino de Arte en Tokio. Fue catedr\u00e1tico 6 a\u00f1os y medio de talleres de arte en secundarias p\u00fablicas en su ciudad natal.<br \/>\nEn 1981 migr\u00f3 a Canad\u00e1 y obtuvo la Maestr\u00eda en Arte en Concordia University, en Montreal. En 1987 se mud\u00f3 a Vancouver y desde entonces viaja continuamente para participar en residencies art\u00edsticas.<\/p>\n<p>Ha participado en multiples y diversas residencias art\u00edsticas en todo el mundo, entre las que destacan: Calanoa Amazonas, Yuba Art Studio Mirandopolis Sao Paulo, The Dreamland Art Studio Mandalay en Myanmar, Chiang Mai University Printmaking Studio en Tailandia, Bharat Bhavan Art Complex Bhopal en India.<\/p>\n<p>Adem\u00e1s en Silpakorn University Printmaking Studio en Bangkok, Bharat Bhavan Graphic Studio Bhopal en India, St. Michael&#8217;s Print Shop St. John&#8217;s, Newfoundland en Canada, Utah State University Printmaking Studio, Logan, Utah in USA.<\/p>\n","protected":false},"excerpt":{"rendered":"<p>&nbsp; Taiga Chiba naci\u00f3 en Shizuoka, Jap\u00f3n, se gradu\u00f3 de la Universidad Musashino de Arte en Tokio. Fue catedr\u00e1tico 6 a\u00f1os y medio de talleres de arte en secundarias p\u00fablicas en su ciudad natal. En 1981 migr\u00f3 a Canad\u00e1 y &hellip; <a href=\"https:\/\/www.fronda.mx\/simbiosis2012\/artistas\/taiga-chiba\/\">Sigue leyendo <span class=\"meta-nav\">&rarr;<\/span><\/a><\/p>\n","protected":false},"author":2,"featured_media":0,"parent":438,"menu_order":2,"comment_status":"closed","ping_status":"closed","template":"","meta":{"footnotes":""},"class_list":["post-547","page","type-page","status-publish","hentry"],"jetpack_sharing_enabled":true,"_links":{"self":[{"href":"https:\/\/www.fronda.mx\/simbiosis2012\/wp-json\/wp\/v2\/pages\/547","targetHints":{"allow":["GET"]}}],"collection":[{"href":"https:\/\/www.fronda.mx\/simbiosis2012\/wp-json\/wp\/v2\/pages"}],"about":[{"href":"https:\/\/www.fronda.mx\/simbiosis2012\/wp-json\/wp\/v2\/types\/page"}],"author":[{"embeddable":true,"href":"https:\/\/www.fronda.mx\/simbiosis2012\/wp-json\/wp\/v2\/users\/2"}],"replies":[{"embeddable":true,"href":"https:\/\/www.fronda.mx\/simbiosis2012\/wp-json\/wp\/v2\/comments?post=547"}],"version-history":[{"count":2,"href":"https:\/\/www.fronda.mx\/simbiosis2012\/wp-json\/wp\/v2\/pages\/547\/revisions"}],"predecessor-version":[{"id":1381,"href":"https:\/\/www.fronda.mx\/simbiosis2012\/wp-json\/wp\/v2\/pages\/547\/revisions\/1381"}],"up":[{"embeddable":true,"href":"https:\/\/www.fronda.mx\/simbiosis2012\/wp-json\/wp\/v2\/pages\/438"}],"wp:attachment":[{"href":"https:\/\/www.fronda.mx\/simbiosis2012\/wp-json\/wp\/v2\/media?parent=547"}],"curies":[{"name":"wp","href":"https:\/\/api.w.org\/{rel}","templated":true}]}}