{"id":436,"date":"2012-11-07T06:04:50","date_gmt":"2012-11-07T12:04:50","guid":{"rendered":"http:\/\/fronda.mx\/blog\/?page_id=436"},"modified":"2016-11-27T21:48:38","modified_gmt":"2016-11-28T03:48:38","slug":"actividades","status":"publish","type":"page","link":"https:\/\/www.fronda.mx\/simbiosis2012\/actividades\/","title":{"rendered":"Actividades"},"content":{"rendered":"<p style=\"text-align: left;\"><img loading=\"lazy\" decoding=\"async\" data-attachment-id=\"1340\" data-permalink=\"https:\/\/www.fronda.mx\/simbiosis2012\/actividades\/programa_full\/\" data-orig-file=\"https:\/\/www.fronda.mx\/simbiosis2012\/wp-content\/uploads\/sites\/4\/2012\/11\/programa_full.jpg\" data-orig-size=\"1500,1125\" data-comments-opened=\"1\" data-image-meta=\"{&quot;aperture&quot;:&quot;0&quot;,&quot;credit&quot;:&quot;&quot;,&quot;camera&quot;:&quot;&quot;,&quot;caption&quot;:&quot;&quot;,&quot;created_timestamp&quot;:&quot;0&quot;,&quot;copyright&quot;:&quot;&quot;,&quot;focal_length&quot;:&quot;0&quot;,&quot;iso&quot;:&quot;0&quot;,&quot;shutter_speed&quot;:&quot;0&quot;,&quot;title&quot;:&quot;&quot;,&quot;orientation&quot;:&quot;0&quot;}\" data-image-title=\"programa_full\" data-image-description=\"\" data-image-caption=\"\" data-large-file=\"https:\/\/www.fronda.mx\/simbiosis2012\/wp-content\/uploads\/sites\/4\/2012\/11\/programa_full-1024x768.jpg\" class=\"aligncenter wp-image-1340 size-medium\" src=\"http:\/\/www.fronda.mx\/simbiosis2012\/wp-content\/uploads\/sites\/4\/2012\/11\/programa_full-600x450.jpg\" alt=\"programa_full\" width=\"600\" height=\"450\" srcset=\"https:\/\/www.fronda.mx\/simbiosis2012\/wp-content\/uploads\/sites\/4\/2012\/11\/programa_full-600x450.jpg 600w, https:\/\/www.fronda.mx\/simbiosis2012\/wp-content\/uploads\/sites\/4\/2012\/11\/programa_full-768x576.jpg 768w, https:\/\/www.fronda.mx\/simbiosis2012\/wp-content\/uploads\/sites\/4\/2012\/11\/programa_full-1024x768.jpg 1024w, https:\/\/www.fronda.mx\/simbiosis2012\/wp-content\/uploads\/sites\/4\/2012\/11\/programa_full-400x300.jpg 400w, https:\/\/www.fronda.mx\/simbiosis2012\/wp-content\/uploads\/sites\/4\/2012\/11\/programa_full.jpg 1500w\" sizes=\"auto, (max-width: 600px) 100vw, 600px\" \/><\/p>\n<p style=\"text-align: left;\"><a title=\"Programa de Actividades\" href=\"http:\/\/www.fronda.mx\/simbiosis2012\/wp-content\/uploads\/sites\/4\/2016\/11\/programa_simbiosis2012.pdf\" target=\"_blank\"><span style=\"color: #800080;\"><strong>Descarga el programa de actividades en formato .pdf<\/strong><\/span><\/a><\/p>\n<p style=\"text-align: left;\"><span style=\"color: #800080;\"><strong>O cons\u00faltalo a continuaci\u00f3n:<\/strong><\/span><\/p>\n<h1><\/h1>\n<h1><span style=\"color: #000000;\"><strong>OCTUBRE<\/strong><\/span><\/h1>\n<h2><span style=\"color: #ff0000;\">Mi\u00e9rcoles 17<\/span><\/h2>\n<p><span style=\"color: #800000;\">Instituto de Artes, UAEH \/ Real del Monte, Hgo.<\/span><\/p>\n<p><strong>Victoria Stanton<\/strong><\/p>\n<p>Presentaci\u00f3n: Experimentando la intimidad y el NO Lugar<\/p>\n<p>17:00-18:30 hrs<\/p>\n<p>&nbsp;<\/p>\n<p><strong>Taiga Chiba<\/strong><\/p>\n<p>Presentaci\u00f3n: Expresi\u00f3n de lo impermanente<\/p>\n<p>18:45-20:30 hrs<\/p>\n<p>&nbsp;<\/p>\n<h2><span style=\"color: #ff0000;\">Mi\u00e9rcoles 17 al s\u00e1bado 20<\/span><\/h2>\n<p><span style=\"color: #800000;\">Centro Cultural del Ferrocarril \/ Pachuca, Hgo.<\/span><\/p>\n<p><strong>Yessica Ruiz<\/strong><\/p>\n<p><strong><span style=\"color: #800080;\">Taller<\/span><\/strong>: La pintura como detonador<\/p>\n<p>Mi\u00e9rcoles a viernes 17:00-19:00 hrs\/ S\u00e1bado 10:00-13:00 hrs<\/p>\n<p>PARA NI\u00d1OS DE 6 A 17 A\u00d1OS\/ SIN COSTO\/ CUPO M\u00c1XIMO: 15 NI\u00d1OS<\/p>\n<p>&nbsp;<\/p>\n<h2><span style=\"color: #ff0000;\">Viernes 19 al domingo 21<\/span><\/h2>\n<p><span style=\"color: #800000;\">Centro Cultural del Ferrocarril \/ Pachuca, Hgo.<\/span><\/p>\n<p><strong>Victoria Stanton<\/strong><\/p>\n<p><span style=\"color: #800080;\"><strong>Taller<\/strong><\/span>: Experimentando el performance relacional<\/p>\n<p>Viernes: 16:00-20:00 hrs\/ S\u00e1bado y domingo: 10:00-15:00 hrs<\/p>\n<p>Costo:$500\/ Cupo m\u00e1ximo: 15 personas<\/p>\n<p>&nbsp;<\/p>\n<h2><span style=\"color: #ff0000;\">Mi\u00e9rcoles 24 al viernes 26<\/span><\/h2>\n<p><span style=\"color: #800000;\">Centro de las Artes\/ Pachuca, Hgo.<\/span><\/p>\n<p><strong>Taiga Chiba<\/strong><\/p>\n<p><span style=\"color: #800080;\"><strong>Taller<\/strong><\/span>: Monotipos en modelos de colaboraci\u00f3n<\/p>\n<p>10:00-14:00 hrs<\/p>\n<p>Costo: $500\/ Cupo m\u00e1ximo: 15 personas<\/p>\n<p>&nbsp;<\/p>\n<h2><span style=\"color: #ff0000;\">Lunes y mi\u00e9rcoles, octubre 29 a noviembre 20<\/span><\/h2>\n<p><span style=\"color: #800000;\">Instituto de Artes, UAEH\/ Real del Monte, Hgo.<\/span><\/p>\n<p><strong>Sharon Kallis<\/strong><\/p>\n<p><strong><span style=\"color: #800080;\">Taller<\/span><\/strong>: Exploraci\u00f3n general del tejido<\/p>\n<p>10:00-13:00 hrs<\/p>\n<p>Cupo m\u00e1ximo: 15 personas\/ RESERVADO PARA ALUMNOS DEL INSTITUTO DE ARTES<\/p>\n<p>&nbsp;<\/p>\n<h1>NOVIEMBRE<\/h1>\n<h2><span style=\"color: #ff0000;\">Lunes 5<\/span><\/h2>\n<p><span style=\"color: #800000;\">Sala Abundio Mart\u00ednez, Centro de las Artes\/ Pachuca, Hgo.<\/span><\/p>\n<p><strong>Sharon Kallis<\/strong>\u00a0 ARTISTA<\/p>\n<p><strong>Clauida T. Hotnun<\/strong> BI\u00d3LOGA<\/p>\n<p><strong>Mar\u00eda Teresa Pulido<\/strong> ETNOB\u00d3TANICA<\/p>\n<p>Mesa de di\u00e1logo: Arte y B\u00f3tanica<\/p>\n<p>18:00-20:00 hrs<\/p>\n<p>&nbsp;<\/p>\n<h2><span style=\"color: #ff0000;\">Lunes 05, 12, 19 y 26<\/span><\/h2>\n<p><span style=\"color: #800000;\">Centro Cultural del Ferrocarril\/ Pachuca, Hgo.<\/span><\/p>\n<p><strong>Carlos Cruz<\/strong><\/p>\n<p><strong><span style=\"color: #800080;\">Taller<\/span><\/strong>: Endocorporalidad<\/p>\n<p>17:00-18:30 hrs<\/p>\n<p>&nbsp;<\/p>\n<p><strong>Diana Burgoyne<\/strong><\/p>\n<p>Presentaci\u00f3n: Arte Electr\u00f3nico Folk<\/p>\n<p>18:45-20:30 hrs<\/p>\n<p>&nbsp;<\/p>\n<h2><span style=\"color: #ff0000;\">Jueves 8 al s\u00e1bado 10<\/span><\/h2>\n<p>Centro Cultural del Ferrocarril\/ Pachuca, Hgo.<\/p>\n<p>Diana Burgoyne<\/p>\n<p><strong><span style=\"color: #800080;\">Taller<\/span><\/strong>: Electr\u00f3nica Creativa<\/p>\n<p>10:00-14:00 hrs<\/p>\n<p>Costo: $500\/ Cupo m\u00e1ximo: 15 personas\/ Costo de materiales: $300.00<\/p>\n<p>&nbsp;<\/p>\n<h2><span style=\"color: #ff0000;\">S\u00e1bado 10<\/span><\/h2>\n<p><span style=\"color: #800000;\">Instituto de Artes, UAEH \/ Real del Monte, Hgo.<\/span><\/p>\n<p><strong>Sharon Kallis<\/strong><\/p>\n<p><strong><span style=\"color: #800080;\">Taller<\/span><\/strong>: Laberinto ef\u00edmero<\/p>\n<p>10:00-13:00 hrs<\/p>\n<p>Cupo m\u00e1ximo: 15 personas\/ RESERVADO PARA ALUMNOS DEL INSTITUTO DE ARTES<\/p>\n<p>&nbsp;<\/p>\n<h2><span style=\"color: #ff0000;\">Lunes 12<\/span><\/h2>\n<p><span style=\"color: #800000;\">Sala J. Pilar Licona, Edificio Central UAEH\/ Pachuca, Hgo.<\/span><\/p>\n<p><strong>Yolanda Guti\u00e9rrez<\/strong> ARTISTA<\/p>\n<p><strong>Rub\u00e9n Ruelas<\/strong> PSICOTERAPEUTA<\/p>\n<p>Mesa de di\u00e1logo: Arte y medicina<\/p>\n<p>18:00-20:00 hrs<\/p>\n<p>&nbsp;<\/p>\n<h2><span style=\"color: #ff0000;\">Jueves 15<\/span><\/h2>\n<p><span style=\"color: #800000;\">Sala J. Pilar Licona, Edificio central UAEH \/Pachuca, Hgo.<\/span><\/p>\n<p><strong>Diana Burgoyne<\/strong><\/p>\n<p>Conferencias: Dando un nuevo sentido a la colaboraci\u00f3n:<\/p>\n<p>Interdisciplinaria, Intercontinental, Intersensorial<\/p>\n<p>18:00-20:00 hrs<\/p>\n<p>&nbsp;<\/p>\n<h2><span style=\"color: #ff0000;\">Viernes 16<\/span><\/h2>\n<p><span style=\"color: #800000;\">Sala Abundio Mart\u00ednez. Centro de las Artes\/ Pachuca, Hgo.<\/span><\/p>\n<p><strong>Sharon Kallis<\/strong><\/p>\n<p>Presentaci\u00f3n:Arte Ambiental:<\/p>\n<p>M\u00e1s que una oportunidad para la foto bonita<\/p>\n<p>17:00- 18:30 hrs<\/p>\n<p>&nbsp;<\/p>\n<p><strong>Yolanda Guti\u00e9rrez<\/strong><\/p>\n<p>Conferencia: La importancia del arte en lasalud<\/p>\n<p>18:45-20:30 hrs<\/p>\n<p>&nbsp;<\/p>\n<h2><span style=\"color: #ff0000;\">S\u00e1bado 17<\/span><\/h2>\n<p><span style=\"color: #800000;\">Centro Cultural del Ferrocarril\/ Pachuca, Hgo.<\/span><\/p>\n<p><strong>Yolanda Guti\u00e9rrez<\/strong><\/p>\n<p><strong><span style=\"color: #800080;\">Taller<\/span><\/strong>: Mandalas, el arte de dibujar en c\u00edrculos<\/p>\n<p>10:00-14:00 hrs<\/p>\n<p>Para ni\u00f1os y adultos\/ Costo $250 \/ Cupo m\u00e1ximo: 15 personas<\/p>\n<p>&nbsp;<\/p>\n<h2><span style=\"color: #ff0000;\">Mi\u00e9rcoles 21<\/span><\/h2>\n<p><span style=\"color: #800000;\">Sala J. Pilar Licona, Edificio Central UAEH \/Pachuca, Hgo.<\/span><\/p>\n<p><strong>Victoria Stanton y experto en geograf\u00eda humana<\/strong><\/p>\n<p>Mesa de di\u00e1logo: Distribuci\u00f3n espacial, arte y movilidad<\/p>\n<p>18:00-20:00 hrs<\/p>\n<p>&nbsp;<\/p>\n<h2><span style=\"color: #ff0000;\">Jueves 22<\/span><\/h2>\n<p><span style=\"color: #800000;\">Archivo Hist\u00f3rico y Museo de Miner\u00eda\/ Pachuca, Hgo.<\/span><\/p>\n<p><strong>Marcho Hern\u00e1ndez B.<\/strong><\/p>\n<p>Conferencia: Arte y Patrimonio: lectura visual sobre Miner\u00eda<\/p>\n<p>17:30-18:30 hrs<\/p>\n<p>&nbsp;<\/p>\n<p><strong>Marna Bunnell \/ Bel\u00e9m Oviedo<\/strong><\/p>\n<p>Mesa de di\u00e1logo: Arte e Historia, inquietudes de realidad y ficci\u00f3n en la miner\u00eda<\/p>\n<p>19:00-20:00 hrs<\/p>\n<p>&nbsp;<\/p>\n<h2><span style=\"color: #ff0000;\">Viernes 23<\/span><\/h2>\n<p><span style=\"color: #800000;\">Archivo Hist\u00f3rico y Museo de Miner\u00eda\/ Pachuca, Hgo.<\/span><\/p>\n<p><strong>Yessica Ruiz\u00a0<\/strong><\/p>\n<p>Documental &#8220;Hombres de Leche&#8221;<\/p>\n<p>17:30-18:30 hrs<\/p>\n<p>&nbsp;<\/p>\n<p><strong>Carlos I. Cruz<\/strong><\/p>\n<p>Presentaci\u00f3n Esc\u00e9nica:<\/p>\n<p>El silencio se mueve<\/p>\n<p>19:00-20:00 hrs<\/p>\n<p>&nbsp;<\/p>\n<h2><span style=\"color: #ff0000;\">S\u00e1bado 24<\/span><\/h2>\n<p><span style=\"color: #800000;\">Centro Cultural del Ferrocarril\/ Pachuca, Hgo.<\/span><\/p>\n<p><strong>Sharon Kallis<\/strong><\/p>\n<p><strong><span style=\"color: #800080;\">Taller<\/span><\/strong>: Mosaico de Semillas<\/p>\n<p>10:00-13:00 hrs<\/p>\n<p>&nbsp;<\/p>\n<h2><span style=\"color: #ff0000;\">Jueves 29<\/span><\/h2>\n<p><span style=\"color: #800000;\">Sala\u00a0 J. Pilar Licona, Edificio central UAEH\/ Pachuca, Hgo.<\/span><\/p>\n<p><strong>Ana Lilia Maciel<\/strong> SUBDIRECTORA DE ESTUDIOS INTERDISCIPLINARIOS DEL CENART<\/p>\n<p>Conferencia. Investigaci\u00f3n de los procesos de formaci\u00f3n en la transdisciplina del arte<\/p>\n<p>17:30-18:45 hrs<\/p>\n<p>&nbsp;<\/p>\n<p>I<strong>liana Boltvinik, Marie Cristine Camus<\/strong> CENART<\/p>\n<p>Mesa de di\u00e1logo: Procesos colaborativos en las artes transdiciplinarias<\/p>\n<p>19:00-20:30 hrs<\/p>\n<p>&nbsp;<\/p>\n<h1>DICIEMBRE<\/h1>\n<h2><span style=\"color: #ff0000;\">S\u00e1bado \u00a08<\/span><\/h2>\n<p><span style=\"color: #800000;\">Sede FRONDA\/ Casa Azul\/ Real del monte, Hgo.<\/span><\/p>\n<p><strong>Estudio abierto<\/strong><\/p>\n<p>Muestra del trabajo en proceso de la residencia art\u00edstica, Simbiosis\/Symbiosis<\/p>\n<p>12:00-18:00 hrs<\/p>\n<p>&nbsp;<\/p>\n<h2><span style=\"color: #ff0000;\">Domingo 9<\/span><\/h2>\n<p><span style=\"color: #800000;\">Explanda Casa Grande UAEH\/ Real del Monte, Hgo.<\/span><\/p>\n<p><strong>Muestra de clausura<\/strong><\/p>\n<p>Presentaciones\/instalaciones p\u00fablicas de los artistas en residencia Simbiosis\/Symbiosis<\/p>\n<p>12:00-18:00 hrs<\/p>\n<p>&nbsp;<\/p>\n<h1>\u00a0DIRECCI\u00d3N DE LAS SEDES<\/h1>\n<h2><span style=\"color: #ff0000;\">UNIVERSIDAD AUT\u00d3NOMA DEL ESTADO DE HIDALGO<\/span><\/h2>\n<p><strong>Instituto de Artes\/Ex-Hacienda \u00a0de San Cayetano s\/n<\/strong><\/p>\n<p><strong>Real del monte, Hgo.<\/strong><\/p>\n<h2><span style=\"color: #ff0000;\"><strong>Consejo Estatal para la Cultura y las Artes de Hidaglo (CECULTAH)<\/strong><\/span><\/h2>\n<p><strong>Centro Cultural del Ferrocarril\/ Calle Mej\u00eda s\/n<\/strong><\/p>\n<p><strong>Pachuca, Hgo.<\/strong><\/p>\n<p><strong>Centro de las Artes de Hidalgo\/ Plaza Bartolom\u00e9 de Medina s\/n, Col. Centro, Pachuca, Hgo.<\/strong><\/p>\n<h2><span style=\"color: #ff0000;\">Archivo Hist\u00f3rico y Museo de Miner\u00eda (AHMM)<\/span><\/h2>\n<p><strong>Calle de \u00a0Mina No. 110 Col. Centro. Pachuca, Hgo.<\/strong><\/p>\n<h2><span style=\"color: #ff0000;\">Casa Azul\/ SEDE FRONDA (Taller de Artistas)<\/span><\/h2>\n<p><strong>Francisco I. Madero \u00a0no. 37\/ junto al mercado Murillo<\/strong><\/p>\n<p><strong>Karam, Real del Monte, Hgo.<\/strong><\/p>\n<p>&nbsp;<\/p>\n","protected":false},"excerpt":{"rendered":"<p>Descarga el programa de actividades en formato .pdf O cons\u00faltalo a continuaci\u00f3n: OCTUBRE Mi\u00e9rcoles 17 Instituto de Artes, UAEH \/ Real del Monte, Hgo. Victoria Stanton Presentaci\u00f3n: Experimentando la intimidad y el NO Lugar 17:00-18:30 hrs &nbsp; Taiga Chiba Presentaci\u00f3n: &hellip; <a href=\"https:\/\/www.fronda.mx\/simbiosis2012\/actividades\/\">Sigue leyendo <span class=\"meta-nav\">&rarr;<\/span><\/a><\/p>\n","protected":false},"author":2,"featured_media":0,"parent":0,"menu_order":3,"comment_status":"closed","ping_status":"closed","template":"","meta":{"footnotes":""},"class_list":["post-436","page","type-page","status-publish","hentry"],"jetpack_sharing_enabled":true,"_links":{"self":[{"href":"https:\/\/www.fronda.mx\/simbiosis2012\/wp-json\/wp\/v2\/pages\/436","targetHints":{"allow":["GET"]}}],"collection":[{"href":"https:\/\/www.fronda.mx\/simbiosis2012\/wp-json\/wp\/v2\/pages"}],"about":[{"href":"https:\/\/www.fronda.mx\/simbiosis2012\/wp-json\/wp\/v2\/types\/page"}],"author":[{"embeddable":true,"href":"https:\/\/www.fronda.mx\/simbiosis2012\/wp-json\/wp\/v2\/users\/2"}],"replies":[{"embeddable":true,"href":"https:\/\/www.fronda.mx\/simbiosis2012\/wp-json\/wp\/v2\/comments?post=436"}],"version-history":[{"count":5,"href":"https:\/\/www.fronda.mx\/simbiosis2012\/wp-json\/wp\/v2\/pages\/436\/revisions"}],"predecessor-version":[{"id":1346,"href":"https:\/\/www.fronda.mx\/simbiosis2012\/wp-json\/wp\/v2\/pages\/436\/revisions\/1346"}],"wp:attachment":[{"href":"https:\/\/www.fronda.mx\/simbiosis2012\/wp-json\/wp\/v2\/media?parent=436"}],"curies":[{"name":"wp","href":"https:\/\/api.w.org\/{rel}","templated":true}]}}